{"id":3055,"date":"2024-05-26T14:31:27","date_gmt":"2024-05-26T14:31:27","guid":{"rendered":"https:\/\/rosefdn.org\/?page_id=3055"},"modified":"2025-10-29T21:41:08","modified_gmt":"2025-10-29T21:41:08","slug":"acerca-de","status":"publish","type":"page","link":"http:\/\/rosefdn.org\/es\/about\/","title":{"rendered":"Acerca de la Fundaci\u00f3n Rose"},"content":{"rendered":"\r\n<h1>Our Mission, Vision, and Roots<\/h1>\r\n<p>Rose believes that environmental stewardship, community justice, and consumer rights are all inextricably linked.<\/p>\r\n<p>&nbsp;<\/p>\r\n<p><img decoding=\"async\" title=\"ROEP-Drakes-Beach\" src=\"\/wp-content\/uploads\/ROEP-Drakes-Beach-1.jpg\" alt=\"ROEP-Drakes-Beach\" \/> <img decoding=\"async\" title=\"vision-mission-small-2\" src=\"\/wp-content\/uploads\/vision-mission-small-2.jpg\" alt=\"vision-mission-small-2\" \/><\/p>\r\n<p><strong>We amplify community voices by making grants, building capacity, and fostering the next generation of environmental leaders.<\/strong><\/p>\r\n<p><img decoding=\"async\" title=\"vision-mission-small-1\" src=\"\/wp-content\/uploads\/vision-mission-small-1.jpg\" alt=\"vision-mission-small-1\" \/> <img decoding=\"async\" title=\"vision-values-rose\" src=\"\/wp-content\/uploads\/vision-values-rose.jpg\" alt=\"vision-values-rose\" \/><\/p>\r\n<h2>Rose Values<\/h2>\r\n<ul>\r\n<li><img decoding=\"async\" title=\"Icon - Grassroots environmental grants - blue\" src=\"\/wp-content\/uploads\/Icon-Grassroots-environmental-grants-blue-1.svg\" alt=\"Icon - Grassroots environmental grants - blue\" \/>\r\n<p><strong>Environmental Stewardship<\/strong><\/p>\r\n<\/li>\r\n<li><img decoding=\"async\" title=\"Icon - Community Connection 2\" src=\"\/wp-content\/uploads\/Icon-Community-Connection-2-1.svg\" alt=\"Icon - Community Connection 2\" \/>\r\n<p><strong>Community<\/strong><\/p>\r\n<\/li>\r\n<li><img decoding=\"async\" title=\"Icon - Env Justice Education\" src=\"\/wp-content\/uploads\/Icon-Env-Justice-Education-1.svg\" alt=\"Icon - Env Justice Education\" \/>\r\n<p><strong>Justice<\/strong><\/p>\r\n<\/li>\r\n<\/ul>\r\n<h2>How We Mobilize Action<\/h2>\r\n<p>The belief that those closest to the problem are the most equipped to solve it unites Rose&#8217;s programs. By redirecting money and resources to groups representing marginalized populations, we build power where meaningful change begins.<\/p>\r\n<p><a id=\"fl-tabs--label-0\" tabindex=\"0\" role=\"tab\" href=\"#\" data-index=\"0\" aria-selected=\"true\" aria-controls=\"fl-tabs--panel-0\" aria-expanded=\"true\"> 1. Environmental Legal Settlements <\/a> <a id=\"fl-tabs--label-1\" tabindex=\"0\" role=\"tab\" href=\"#\" data-index=\"1\" aria-selected=\"false\" aria-controls=\"fl-tabs--panel-1\" aria-expanded=\"false\"> 2. Grassroots Environmental Grants <\/a> <a id=\"fl-tabs--label-2\" tabindex=\"0\" role=\"tab\" href=\"#\" data-index=\"2\" aria-selected=\"false\" aria-controls=\"fl-tabs--panel-2\" aria-expanded=\"false\"> 3. Consumer Rights Grants <\/a> <a id=\"fl-tabs--label-3\" tabindex=\"0\" role=\"tab\" href=\"#\" data-index=\"3\" aria-selected=\"false\" aria-controls=\"fl-tabs--panel-3\" aria-expanded=\"false\"> 4. Youth Leadership Program <\/a> 1. Environmental Legal Settlements <img decoding=\"async\" src=\"\/wp-content\/uploads\/grant-testing-2.jpg\" alt=\"\" \/> <img decoding=\"async\" src=\"\/wp-content\/uploads\/icon-env-justice.svg\" alt=\"\" \/><\/p>\r\n<h3>Directing Remediation Payments Back to Affected Communities<\/h3>\r\n<p>Rose works with the legal community to channel restitution funds back to impacted communities. As the trustee for over 600 such funds, we maximize their reach and impact to protect watersheds, ensure clean air, and mitigate pollution, such as toxins and pesticides. Our extensive field network enables us to reach grantees delivering the greatest benefits to vulnerable populations.<\/p>\r\n<p><a href=\"\/award-a-legal-settlement\/\" target=\"_self\" rel=\"noopener\"> Award A Settlement <\/a> 2. Grassroots Environmental Grants <img decoding=\"async\" src=\"\/wp-content\/uploads\/Save-CA-Salmon-Redding-Rally-March-2-2020-1-1.jpg\" alt=\"\" \/> <img decoding=\"async\" src=\"\/wp-content\/uploads\/icon-grassroots-environmental.svg\" alt=\"\" \/><\/p>\r\n<h3>Climate Resilience Starts at the Community Level<\/h3>\r\n<p>The soul of our work, Rose&#8217;s grassroots funds reach small and emerging groups often left out of traditional funding streams. Small but mighty, these groups represent marginalized communities at the forefront of the environmental movement. In addition, Rose provides grassroots grantees with essential capacity building support so they can grow into strong organizations.<\/p>\r\n<p><a href=\"\/granting\/environmental-grants\/\" target=\"_self\" rel=\"noopener\"> Build Grassroots Power <\/a> 3. Consumer Rights Grants <img decoding=\"async\" src=\"\/wp-content\/uploads\/California-Reinvestment-Coalition-1.jpg\" alt=\"\" \/> <img decoding=\"async\" src=\"\/wp-content\/uploads\/icon-consumer-rights.svg\" alt=\"\" \/><\/p>\r\n<h3>Strengthening Consumer Protections<\/h3>\r\n<p>As a recipient of cy pres and mitigation funds, Rose aims to ensure all affected communities are notified and benefit from the settlement. We reach out to small and mid-size organizations, which represent underserved communities and unheard voices, and provide them with support to engage in emerging issues, such as AI, data security and internet privacy issues.<\/p>\r\n<p><a href=\"\/granting\/consumer-rights-grants\/\" target=\"_self\" rel=\"noopener\"> Apply For A Grant <\/a> 4. Youth Leadership Program <img decoding=\"async\" src=\"\/wp-content\/uploads\/youth-empowerment-program-rose-1.jpg\" alt=\"\" \/> <img decoding=\"async\" src=\"\/wp-content\/uploads\/icon-youth-leadership.svg\" alt=\"\" \/><\/p>\r\n<h3>Building Next-Generation Environmental Justice Activists<\/h3>\r\n<p>Rose&#8217;s New Voices Are Rising (NVR) program is building the next generation of environmental leaders. Through our STEAM-based curriculum, frontline Bay Area youth are building the skills and confidence to confront the environmental and social issues disproportionately impacting their communities.<\/p>\r\n<p><a href=\"\/new-voices\/\" target=\"_self\" rel=\"noopener\"> Explore New Voices Are Rising <\/a><\/p>\r\n<h2>Rose On The Rise Since 1992<\/h2>\r\n<p>Established in 1992 by Jill Ratner and Tim Little, Rose Foundation honors the legacy of Rose Ratner, a Chicago community activist. Inspired by Rose, we interconnect environmental stewardship, community investment, and consumer protection.<\/p>\r\n<h3>Rose Earns Its Foundation Status<\/h3>\r\n<p><strong>1992<\/strong><\/p>\r\n<p>Rose is incorporated as a 501c3 in the State of California.<\/p>\r\n<h3>Oakland Neighborhood Environmental Grants &#8211; Starts Small, Thinks Big<\/h3>\r\n<p><strong>1994<\/strong><\/p>\r\n<p>Rose&#8217;s first grants program is pivotal in shaping its grantmaking philosophy. With a funding board composed of local community members and an application process accessible to the smallest grassroots organizations, the program supports groups struggling to find funding by other means.<\/p>\r\n<h3>First Environmental Mitigation Settlement<\/h3>\r\n<p><strong>1994<\/strong>San Francisco BayKeeper awards a $50,000 settlement to Rose to launch the SF Bay Citizens Action Fund, that supports grassroots funds protecting the San Francisco Bay watershed.The settlement begins a long partnership with citizen enforcement organizations to benefit impacted communities.<\/p>\r\n<h3>Rose Expands to Manage Donor Advised Funds<\/h3>\r\n<p><strong>2000<\/strong><\/p>\r\n<p>Rose opens its first donor-advised fund with Richard Makdisi and Lindsay Wheeler. The Makdisi-Wheeler fund aims to support underrepresented groups and unheard voices, choosing Rose for its connection to these organizations. The fund enables the couple to channel money to projects they care about and catalyzes Rose&#8217;s work in personal philanthropy.<\/p>\r\n<h3>Championing Consumer Privacy<\/h3>\r\n<p><strong>2002<\/strong><\/p>\r\n<p>Rose receives its first cy pres award from a court case involving consumer privacy. The award changes the course of organizational mission to include consumer rights. Since 2002, this fund has awarded millions to organizations at the intersection of privacy rights and civil liberties.<\/p>\r\n<h3>New Voters Are Rising<\/h3>\r\n<p><strong>2004<\/strong><\/p>\r\n<p>Co-Founder Jill Ratner establishes New Voters Are Rising in response to poor voter turnout in low-income communities impacted by heavy pollution. In 2004, the project partners with West Oakland&#8217;s Downs Memorial Methodist Church to recruit over 150 local youth, who successfully register over 2,000 voters.<\/p>\r\n<h3>New Voters Are Rising Becomes New Voices Are Rising<\/h3>\r\n<p><strong>2005<\/strong><\/p>\r\n<p>New Voters Are Rising changes its name to New Voices Are Rising, as it shifts its focus beyond voter registration and voter mobilization to include environmental justice.<\/p>\r\n<h3>Incubating Community Power<\/h3>\r\n<p><strong>2007<\/strong><\/p>\r\n<p>Rose launches its first fiscal sponsorship program, helping Community Water Center, a new organization, grow into a powerful Central Valley champion of the human right to water. Since graduating from our incubator, CWC continues to expand, now working with 80 California counties to improve drinking water quality for thousands in the San Joaquin Valley.<\/p>\r\n<h3>New Voices on the Rise<\/h3>\r\n<p><strong>2010<\/strong><\/p>\r\n<p>New Voices students&#8217; testimony about the impacts of air pollution in their communities plays a key role in the Bay Area Air Quality Management District&#8217;s decision not to roll-back emissions standards on diesel trucks.<\/p>\r\n<h3>Rose&#8217;s Consumer Program Grows<\/h3>\r\n<p><strong>2012<\/strong><\/p>\r\n<p>Rose launches the Consumer FInancial Education Fund, using a $4 million settlement from Bank of America to provide disadvantaged communities with financial literacy training.<\/p>\r\n<h3>Rose Grows in the Pacific NorthWest<\/h3>\r\n<p><strong>2012<\/strong><\/p>\r\n<p>Seattle-based Puget Soundkeeper Alliance asks Rose to distribute their record $1.5 million dollar settlement from BNSF railway. Guided by a local advisory board and ongoing funding from Soundkeepr settlements, Rose launches Puget Sound Stewardship and Mitigation Fund which supports groups protecting the watersheds of Puget Sound, and has cemented our grantmaking presence in the Pacific Northwest.<\/p>\r\n<h3>New Voices Students say NO! to Coal in Oakland<\/h3>\r\n<p><strong>2018<\/strong><\/p>\r\n<p>New Voices student Mykela Patton organizes a rally to put pressure on developer Phil Tagami to drop his lawsuit challenging Oakland&#8217;s ban on shipping coal in the city. Pressure from the youth and other city residents puts a halt to the project.<\/p>\r\n<p><a href=\"\/donate\/\" target=\"_self\" rel=\"noopener\"> Continue the Story &#8211; Donate <\/a> <img decoding=\"async\" title=\"icon2\" src=\"\/wp-content\/uploads\/icon2.svg\" alt=\"icon2\" \/><\/p>\r\n<h2>Stay Connected<\/h2>\r\n<p>Change is happening! Receive updates on grantee successes, upcoming grants, and opportunities to make a difference. Join our community and be a vital part of the environmental justice movement.<\/p>\r\n        <div id=\"mc_embed_shell\">\n            <link href=\"\/\/cdn-images.mailchimp.com\/embedcode\/classic-061523.css\" rel=\"stylesheet\" type=\"text\/css\">\n            <div id=\"mc_embed_signup\">\n                <form action=\"https:\/\/rosefdn.us18.list-manage.com\/subscribe\/post?u=5d0ac5eac452623cfe574fc38&amp;id=033d1fcd44&amp;f_id=004e1be7f0\" method=\"post\" id=\"mc-embedded-subscribe-form\" name=\"mc-embedded-subscribe-form\" class=\"validate\" target=\"_blank\">\n                    <div id=\"mc_embed_signup_scroll\">\n                        <div class=\"mchimp_form_wrap\">\n                            <div class=\"mc-field-group\">\n                                <label for=\"mce-EMAIL\">Email Address <span class=\"asterisk\">*<\/span><\/label>\n                                <input type=\"email\" name=\"EMAIL\" class=\"required email\" id=\"mce-EMAIL\" required=\"\" value=\"\">\n                            <\/div>\n                            <div class=\"mc-field-group\">\n                                <label for=\"mce-FNAME\">First Name <span class=\"asterisk\">*<\/span><\/label>\n                                <input type=\"text\" name=\"FNAME\" class=\"required text\" id=\"mce-FNAME\" required=\"\" value=\"\">\n                            <\/div>\n                            <div class=\"mc-field-group\">\n                                <label for=\"mce-LNAME\">Last Name <span class=\"asterisk\">*<\/span><\/label>\n                                <input type=\"text\" name=\"LNAME\" class=\"required text\" id=\"mce-LNAME\" required=\"\" value=\"\">\n                            <\/div>\n                            <div class=\"mc-field-group\">\n                                <label for=\"mce-ZIPCODE\">Zip Code <span class=\"asterisk\">*<\/span><\/label>\n                                <input type=\"zip\" name=\"ZIPCODE\" class=\"required zip\" id=\"mce-ZIPCODE\" value=\"\">\n                            <\/div>\n                            <div class=\"mc_button_submit clear\">\n                                <input type=\"submit\" name=\"subscribe\" id=\"mc-embedded-subscribe\" class=\"button\" value=\"Sign Me Up\">\n                            <\/div>\n                        <\/div>\n                        <!-- <div class=\"indicates-required\"><span class=\"asterisk\">*<\/span> indicates required<\/div> -->\n\n                        \n                        <div hidden=\"\"><input type=\"hidden\" name=\"tags\" value=\"2149477\"><\/div>\n                        <div id=\"mce-responses\" class=\"clear\">\n                            <div class=\"response\" id=\"mce-error-response\" style=\"display: none;\"><\/div>\n                            <div class=\"response\" id=\"mce-success-response\" style=\"display: none;\"><\/div>\n                        <\/div>\n                        <div aria-hidden=\"true\" style=\"position: absolute; left: -5000px;\">\n                            <input type=\"text\" name=\"b_5d0ac5eac452623cfe574fc38_033d1fcd44\" tabindex=\"-1\" value=\"\">\n                        <\/div>\n\n                    <\/div>\n                <\/form>\n            <\/div>\n            <script type=\"text\/javascript\" src=\"\/\/s3.amazonaws.com\/downloads.mailchimp.com\/js\/mc-validate.js\"><\/script><script type=\"text\/javascript\">(function($) {window.fnames = new Array(); window.ftypes = new Array();fnames[0]='EMAIL';ftypes[0]='email';fnames[1]='FNAME';ftypes[1]='text';fnames[2]='LNAME';ftypes[2]='text';fnames[4]='ZIPCODE';ftypes[4]='zip';fnames[3]='ORG';ftypes[3]='text';}(jQuery));var $mcj = jQuery.noConflict(true);<\/script>\n        <\/div>\n\n    \r\n","protected":false},"excerpt":{"rendered":"<p>Nuestra misi\u00f3n, visi\u00f3n y ra\u00edces Rose cree que la gesti\u00f3n medioambiental, la justicia comunitaria y los derechos de los consumidores est\u00e1n inextricablemente unidos.  ...<\/p>","protected":false},"author":8,"featured_media":3082,"parent":0,"menu_order":0,"comment_status":"closed","ping_status":"closed","template":"","meta":{"_acf_changed":false,"inline_featured_image":false,"footnotes":""},"class_list":["post-3055","page","type-page","status-publish","has-post-thumbnail","hentry"],"acf":[],"yoast_head":"<!-- This site is optimized with the Yoast SEO plugin v27.4 - https:\/\/yoast.com\/product\/yoast-seo-wordpress\/ -->\n<title>About Rose Foundation - Rose Foundation<\/title>\n<meta name=\"description\" content=\"We amplify community voices by making grants, building capacity, and fostering the next generation of environmental leaders.\" \/>\n<meta name=\"robots\" content=\"index, follow, max-snippet:-1, max-image-preview:large, max-video-preview:-1\" \/>\n<link rel=\"canonical\" href=\"https:\/\/rosefdn.org\/es\/acerca-de\/\" \/>\n<meta property=\"og:locale\" content=\"es_ES\" \/>\n<meta property=\"og:type\" content=\"article\" \/>\n<meta property=\"og:title\" content=\"About Rose Foundation - Rose Foundation\" \/>\n<meta property=\"og:description\" content=\"We amplify community voices by making grants, building capacity, and fostering the next generation of environmental leaders.\" \/>\n<meta property=\"og:url\" content=\"https:\/\/rosefdn.org\/es\/acerca-de\/\" \/>\n<meta property=\"og:site_name\" content=\"Rose Foundation\" \/>\n<meta property=\"article:modified_time\" content=\"2025-10-29T21:41:08+00:00\" \/>\n<meta property=\"og:image\" content=\"https:\/\/rosefdn.org\/wp-content\/uploads\/feature-pink-rose.png\" \/>\n\t<meta property=\"og:image:width\" content=\"1100\" \/>\n\t<meta property=\"og:image:height\" content=\"825\" \/>\n\t<meta property=\"og:image:type\" content=\"image\/png\" \/>\n<meta name=\"twitter:card\" content=\"summary_large_image\" \/>\n<meta name=\"twitter:label1\" content=\"Tiempo de lectura\" \/>\n\t<meta name=\"twitter:data1\" content=\"9 minutos\" \/>\n<script type=\"application\/ld+json\" class=\"yoast-schema-graph\">{\"@context\":\"https:\\\/\\\/schema.org\",\"@graph\":[{\"@type\":\"WebPage\",\"@id\":\"https:\\\/\\\/rosefdn.org\\\/about\\\/\",\"url\":\"https:\\\/\\\/rosefdn.org\\\/about\\\/\",\"name\":\"About Rose Foundation - Rose Foundation\",\"isPartOf\":{\"@id\":\"https:\\\/\\\/rosefdn.org\\\/#website\"},\"primaryImageOfPage\":{\"@id\":\"https:\\\/\\\/rosefdn.org\\\/about\\\/#primaryimage\"},\"image\":{\"@id\":\"https:\\\/\\\/rosefdn.org\\\/about\\\/#primaryimage\"},\"thumbnailUrl\":\"https:\\\/\\\/rosefdn.org\\\/wp-content\\\/uploads\\\/feature-pink-rose.png\",\"datePublished\":\"2024-05-26T14:31:27+00:00\",\"dateModified\":\"2025-10-29T21:41:08+00:00\",\"description\":\"We amplify community voices by making grants, building capacity, and fostering the next generation of environmental leaders.\",\"breadcrumb\":{\"@id\":\"https:\\\/\\\/rosefdn.org\\\/about\\\/#breadcrumb\"},\"inLanguage\":\"es\",\"potentialAction\":[{\"@type\":\"ReadAction\",\"target\":[\"https:\\\/\\\/rosefdn.org\\\/about\\\/\"]}]},{\"@type\":\"ImageObject\",\"inLanguage\":\"es\",\"@id\":\"https:\\\/\\\/rosefdn.org\\\/about\\\/#primaryimage\",\"url\":\"https:\\\/\\\/rosefdn.org\\\/wp-content\\\/uploads\\\/feature-pink-rose.png\",\"contentUrl\":\"https:\\\/\\\/rosefdn.org\\\/wp-content\\\/uploads\\\/feature-pink-rose.png\",\"width\":1100,\"height\":825},{\"@type\":\"BreadcrumbList\",\"@id\":\"https:\\\/\\\/rosefdn.org\\\/about\\\/#breadcrumb\",\"itemListElement\":[{\"@type\":\"ListItem\",\"position\":1,\"name\":\"Home\",\"item\":\"https:\\\/\\\/rosefdn.org\\\/\"},{\"@type\":\"ListItem\",\"position\":2,\"name\":\"About Rose Foundation\"}]},{\"@type\":\"WebSite\",\"@id\":\"https:\\\/\\\/rosefdn.org\\\/#website\",\"url\":\"https:\\\/\\\/rosefdn.org\\\/\",\"name\":\"Rose Foundation\",\"description\":\"Communities Flourish With Stewardship\",\"potentialAction\":[{\"@type\":\"SearchAction\",\"target\":{\"@type\":\"EntryPoint\",\"urlTemplate\":\"https:\\\/\\\/rosefdn.org\\\/?s={search_term_string}\"},\"query-input\":{\"@type\":\"PropertyValueSpecification\",\"valueRequired\":true,\"valueName\":\"search_term_string\"}}],\"inLanguage\":\"es\"}]}<\/script>\n<!-- \/ Yoast SEO plugin. -->","yoast_head_json":{"title":"Acerca de la Fundaci\u00f3n Rose - Fundaci\u00f3n Rose","description":"Amplificamos las voces de la comunidad concediendo subvenciones, creando capacidad y fomentando la pr\u00f3xima generaci\u00f3n de l\u00edderes medioambientales.","robots":{"index":"index","follow":"follow","max-snippet":"max-snippet:-1","max-image-preview":"max-image-preview:large","max-video-preview":"max-video-preview:-1"},"canonical":"https:\/\/rosefdn.org\/es\/acerca-de\/","og_locale":"es_ES","og_type":"article","og_title":"About Rose Foundation - Rose Foundation","og_description":"We amplify community voices by making grants, building capacity, and fostering the next generation of environmental leaders.","og_url":"https:\/\/rosefdn.org\/es\/acerca-de\/","og_site_name":"Rose Foundation","article_modified_time":"2025-10-29T21:41:08+00:00","og_image":[{"width":1100,"height":825,"url":"https:\/\/rosefdn.org\/wp-content\/uploads\/feature-pink-rose.png","type":"image\/png"}],"twitter_card":"summary_large_image","twitter_misc":{"Tiempo de lectura":"9 minutos"},"schema":{"@context":"https:\/\/schema.org","@graph":[{"@type":"WebPage","@id":"https:\/\/rosefdn.org\/about\/","url":"https:\/\/rosefdn.org\/about\/","name":"Acerca de la Fundaci\u00f3n Rose - Fundaci\u00f3n Rose","isPartOf":{"@id":"https:\/\/rosefdn.org\/#website"},"primaryImageOfPage":{"@id":"https:\/\/rosefdn.org\/about\/#primaryimage"},"image":{"@id":"https:\/\/rosefdn.org\/about\/#primaryimage"},"thumbnailUrl":"https:\/\/rosefdn.org\/wp-content\/uploads\/feature-pink-rose.png","datePublished":"2024-05-26T14:31:27+00:00","dateModified":"2025-10-29T21:41:08+00:00","description":"Amplificamos las voces de la comunidad concediendo subvenciones, creando capacidad y fomentando la pr\u00f3xima generaci\u00f3n de l\u00edderes medioambientales.","breadcrumb":{"@id":"https:\/\/rosefdn.org\/about\/#breadcrumb"},"inLanguage":"es","potentialAction":[{"@type":"ReadAction","target":["https:\/\/rosefdn.org\/about\/"]}]},{"@type":"ImageObject","inLanguage":"es","@id":"https:\/\/rosefdn.org\/about\/#primaryimage","url":"https:\/\/rosefdn.org\/wp-content\/uploads\/feature-pink-rose.png","contentUrl":"https:\/\/rosefdn.org\/wp-content\/uploads\/feature-pink-rose.png","width":1100,"height":825},{"@type":"BreadcrumbList","@id":"https:\/\/rosefdn.org\/about\/#breadcrumb","itemListElement":[{"@type":"ListItem","position":1,"name":"Home","item":"https:\/\/rosefdn.org\/"},{"@type":"ListItem","position":2,"name":"About Rose Foundation"}]},{"@type":"WebSite","@id":"https:\/\/rosefdn.org\/#website","url":"https:\/\/rosefdn.org\/","name":"Fundaci\u00f3n Rosa","description":"Las comunidades florecen con la administraci\u00f3n","potentialAction":[{"@type":"SearchAction","target":{"@type":"EntryPoint","urlTemplate":"https:\/\/rosefdn.org\/?s={search_term_string}"},"query-input":{"@type":"PropertyValueSpecification","valueRequired":true,"valueName":"search_term_string"}}],"inLanguage":"es"}]}},"_links":{"self":[{"href":"http:\/\/rosefdn.org\/es\/wp-json\/wp\/v2\/pages\/3055","targetHints":{"allow":["GET"]}}],"collection":[{"href":"http:\/\/rosefdn.org\/es\/wp-json\/wp\/v2\/pages"}],"about":[{"href":"http:\/\/rosefdn.org\/es\/wp-json\/wp\/v2\/types\/page"}],"author":[{"embeddable":true,"href":"http:\/\/rosefdn.org\/es\/wp-json\/wp\/v2\/users\/8"}],"replies":[{"embeddable":true,"href":"http:\/\/rosefdn.org\/es\/wp-json\/wp\/v2\/comments?post=3055"}],"version-history":[{"count":0,"href":"http:\/\/rosefdn.org\/es\/wp-json\/wp\/v2\/pages\/3055\/revisions"}],"wp:featuredmedia":[{"embeddable":true,"href":"http:\/\/rosefdn.org\/es\/wp-json\/wp\/v2\/media\/3082"}],"wp:attachment":[{"href":"http:\/\/rosefdn.org\/es\/wp-json\/wp\/v2\/media?parent=3055"}],"curies":[{"name":"wp","href":"https:\/\/api.w.org\/{rel}","templated":true}]}}