{"id":2992,"date":"2024-05-20T22:22:09","date_gmt":"2024-05-20T22:22:09","guid":{"rendered":"https:\/\/rosefdn.org\/?page_id=2992"},"modified":"2024-10-16T17:58:13","modified_gmt":"2024-10-16T17:58:13","slug":"conceder-un-acuerdo-judicial","status":"publish","type":"page","link":"https:\/\/rosefdn.org\/es\/award-a-legal-settlement\/","title":{"rendered":"Conceder un acuerdo judicial"},"content":{"rendered":"\n<h1>\n\t\tAward A Legal Settlement to Rose\n\t<\/h1>\n\t<p>Partner with Rose to channel environmental and consumer protection awards via accessible grants for maximum community impact.<\/p>\n\t\t\t<a href=\"#connect\" target=\"_blank\" rel=\"noopener\">\n\t\t\t\t\t\t\tLet&#8217;s Connect\n\t\t\t\t\t<\/a>\n\t\t\t\t<img decoding=\"async\" src=\"\/wp-content\/uploads\/award-settlement-hero.jpg\" alt=\"award-settlement-hero\" itemprop=\"image\" title=\"award-settlement-hero\" onerror=\"this.style.display='none'\"  \/>\n\t\t\t<a href=\"#\" target=\"_self\" rel=\"nofollow noopener\">\n\t\t\t\t\t\tJUMP TO\n\t\t\t\t\t<\/a>\n\t\t\t<a href=\"#grant-fund\" target=\"_self\" rel=\"noopener\">\n\t\t\t\t\t\t\tStart A Grant Fund\n\t\t\t\t\t<\/a>\n\t\t\t<a href=\"#why\" target=\"_self\" rel=\"noopener\">\n\t\t\t\t\t\t\tWhy Rose\n\t\t\t\t\t<\/a>\n\t\t\t<a href=\"#how-it-works\" target=\"_self\" rel=\"noopener\">\n\t\t\t\t\t\t\tHow It Works\n\t\t\t\t\t<\/a>\n\t\t\t<a href=\"#action\" target=\"_self\" rel=\"noopener\">\n\t\t\t\t\t\t\tFunds In Action\n\t\t\t\t\t<\/a>\n<h2>\n\t\tStart a Grant Fund\n\t<\/h2>\n\t<p>Recognized by state and federal courts, Rose Foundation bridges philanthropy and community, distributing cy pres  and restitution funds to impacted parties. Entrusted with over $60 million in funds from over 700 settlements, we champion impactful environmental and community change. Guided by the settlement instructions, Rose directs money to grantees to protect watersheds, ensure clean air, and mitigate pollution. We also administer funds that support consumer advocacy or education related to financial literacy, privacy, and products.<\/p>\n<h3>\n\t\tLet&#8217;s Connect\n\t<\/h3>\n\t<p>Reach out to discuss a pending case or explore the process of setting up a grantmaking fund through Rose.<\/p>\n\t<strong>Jodene Isaacs<\/strong><br \/>\n<strong>Director of Grantmaking<\/strong><br \/>\n<a href=\"mailto:name@rosefdn.org\">jisaacs@rosefdn.org<\/a>\n\t\t\t\t<img decoding=\"async\" src=\"\/wp-content\/plugins\/bb-plugin\/img\/pixel.png\" alt=\"\" itemprop=\"image\" onerror=\"this.style.display='none'\"  \/>\n\t\t\t\t<img decoding=\"async\" src=\"\/wp-content\/uploads\/award-why-rose.jpg\" alt=\"award-why-rose\" itemprop=\"image\" title=\"award-why-rose\" onerror=\"this.style.display='none'\"  \/>\n<h2>\n\t\tWhy Choose Rose?\n\t<\/h2>\n\t<p>Choose the Rose Foundation to award a legal settlement and reach groups doing impactful work to mitigate environmental and consumer rights claims. Our proven track record ensures transparent, effective grant distribution that maximizes the impact of your settlement award.<\/p>\n\t<ul>\n\t\t<li>\t\t\n\t\t\t\t<img decoding=\"async\" src=\"\/wp-content\/uploads\/icon-handling-funds-experience.svg\" alt=\"icon - handling funds experience\" title=\"icon - handling funds experience\" itemprop=\"image\"\/>\n\t\t<p>Extensive experience handling funds derived from legal settlements-over $60 million from over 700 settlements.<\/p>\n<\/li><li>\t\t\n\t\t\t\t<img decoding=\"async\" src=\"\/wp-content\/uploads\/Icon-Connection-Frontline-Groups.svg\" alt=\"Icon - Connection Frontline Groups\" title=\"Icon - Connection Frontline Groups\" itemprop=\"image\"\/>\n\t\t<p>Connection to small, frontline groups that are outside of traditional funding pathways representing underserved communities and unheard voices.<\/p>\n<\/li><li>\t\t\n\t\t\t\t<img decoding=\"async\" src=\"\/wp-content\/uploads\/Icon-Advisory-Boards.svg\" alt=\"Icon - Advisory Boards\" title=\"Icon - Advisory Boards\" itemprop=\"image\"\/>\n\t\t<p>Our commitment to maximizing grant impact includes using advisory boards whenever feasible to get input from people with subject matter expertise related to the case nexus or from the affected communities.<\/p><\/li><li>\t\t\n\t\t\t\t<img decoding=\"async\" src=\"\/wp-content\/uploads\/icon-transparency.svg\" alt=\"icon - transparency\" title=\"icon - transparency\" itemprop=\"image\"\/>\n\t\t<p>Ease and transparency-we&#8217;ll take the administrative burden of developing a grant program off of the parties and carry out our grantmaking with transparency and integrity. We make our funding decisions available on our website and where needed, will do follow-up reporting to the Court.<\/p><\/li>\t<\/ul>\n<h2>\n\t\tHow it Works\n\t<\/h2>\n\t\t\t\t<img decoding=\"async\" src=\"\/wp-content\/uploads\/award-how-it-works.jpg\" alt=\"award-how-it-works\" itemprop=\"image\" title=\"award-how-it-works\" onerror=\"this.style.display='none'\"  \/>\n\t\t\t\t\t\tSupported Program Areas\n\t\t\t<ul>\n<li>Environmental mitigation related to air and water pollution or other climate related concerns, including pollution mitigation measures<\/li>\n<li>Consumer advocacy class action cy pres or direct designee<\/li>\n<li>Community-based health programs<\/li>\n<\/ul>\n\t\t\t\t\t\tAccountability\n\t\t\t<p>Once a funding decision has been approved, we will develop a grant contract to specify the scope of allowable activity. All grantees are required to provide a narrative and financial description of work performed with the funds. Applicants are barred from further funding until those grant reports have been received and accepted as complete. Through this accountability mechanism, which has been accepted as an adequate control mechanism by the US Department of Justice and various California State agencies, the Rose Foundation&#8217;s administrative process ensures that all grant funds are properly expended.<\/p>\n\t\t\t\t\t\tNeutral 3rd Party Trustee\n\t\t\t<p>Rose Foundation&#8217;s stewardship over mitigation funds has been accepted by plaintiffs, defendants, the courts and the US Department of Justice. Since Rose is not aligned with either side of the original dispute, designating the Foundation as a receiver may aid settlement momentum by removing the hurdle of negotiating advance agreement on individual projects or organizations. Instead, the parties are free to focus on, and reach agreement regarding, the terms which will govern the eventual grants. Even in cases where a settlement mandates the support of specifically designated projects, the Foundation&#8217;s centralized administration, experience, and accountability can add considerable value to the process.<\/p>\n\t\t\t\t\t\tFull Compliance\n\t\t\t<p>When applicable, the Foundation conforms with established guidelines such as California Agencies&#8217; Supplemental Environmental Guidelines, and also provides reports describing settlement-enabled grants to the parties, the US Justice Department, and the courts.<\/p>\n<h2>\n\t\tFunds in Action\n\t<\/h2>\n\t<p>For 27 years, Rose Foundation, a court-appointed trustee, has managed over $60 million in settlements, facilitating grants in CA, OR, WA, and nationwide. We align awards with settlement intent, prioritizing community-based organizations in affected areas to drive meaningful impact in environmental and consumer justice.<\/p>\n\t            <div class=\"people-container columncount3 foldable\">\n                <ul class=\"people-list\">\n\n                \n                        <li class=\"people-list_item\">\n                            \n                            <div class=\"people--img\">\n                                                                    <img decoding=\"async\" src=\"https:\/\/rosefdn.org\/wp-content\/uploads\/Kern-County-Air-Pollution-and-Mitigation-Fund-.jpg\" alt=\"\" \/>\n                                                            <\/div>\n                            <div class=\"item--details\">\n                                <h3 class=\"h4\">Kern County Air Pollution and Mitigation Fund<\/h2>\n                                <p class=\"title\">Environmental Mitigation | CA<\/h2>\n\t\t\t\t\t\t\t\t    \n                                    \n                                    \n                            \n                            <\/div>\n                            <div>\n                            \n                                                                    <div class=\"moreDetails\"><p>A retired math professor questioned the air pollution impacts of new housing developments in and around Bakersfield. The resulting lawsuit launched the Kern County Air Pollution Mitigation Fund which receives air pollution mitigation fees paid by property developers to offset the cumulative air pollution impacts of the new developments. With the advice of a Bakersfield-based funding advisory board, the Rose Foundation has used these developer fees to award over $2.5M in grants to projects designed to reduce particulate or ozone air pollution in Kern County.<\/p>\n<\/div>\n                                        <div>\n                                            <button class=\"moreBtn\">About<\/button>\n                                        <\/div>\n                                                                        \n                            <\/div>\n                            \n                        <\/li>\n\n                        \n                        <li class=\"people-list_item\">\n                            \n                            <div class=\"people--img\">\n                                                                    <img decoding=\"async\" src=\"https:\/\/rosefdn.org\/wp-content\/uploads\/Consumer-Privacy-Rights-Fund.jpg\" alt=\"\" \/>\n                                                            <\/div>\n                            <div class=\"item--details\">\n                                <h3 class=\"h4\">Consumer Privacy Rights Fund<\/h2>\n                                <p class=\"title\">Consumer Rights Mitigation | Nationwide<\/h2>\n\t\t\t\t\t\t\t\t    \n                                    \n                                    \n                            \n                            <\/div>\n                            <div>\n                            \n                                                                    <div class=\"moreDetails\"><p>The Rose Foundation\u2019s Consumer Privacy Fund was launched in 2012 and has received awards from 15 privacy class action settlements \u2013 including Bank of America, Netflix, and Google. To-date, the Fund has awarded over $7.3 million in privacy grants to more than 100 consumer privacy nonprofits throughout the United States.<\/p>\n<\/div>\n                                        <div>\n                                            <button class=\"moreBtn\">About<\/button>\n                                        <\/div>\n                                                                        \n                            <\/div>\n                            \n                        <\/li>\n\n                        \n                        <li class=\"people-list_item\">\n                            \n                            <div class=\"people--img\">\n                                                                    <img decoding=\"async\" src=\"https:\/\/rosefdn.org\/wp-content\/uploads\/Puget-Sound-Stewardship-and-Mitigation-Fund.jpg\" alt=\"\" \/>\n                                                            <\/div>\n                            <div class=\"item--details\">\n                                <h3 class=\"h4\">Puget Sound Stewardship and Mitigation Fund<\/h2>\n                                <p class=\"title\">Environmental Mitigation | WA<\/h2>\n\t\t\t\t\t\t\t\t    \n                                    \n                                    \n                            \n                            <\/div>\n                            <div>\n                            \n                                                                    <div class=\"moreDetails\"><p>The Puget Sound Stewardship and Mitigation Fund was created by a record legal settlement between the <a href=\"https:\/\/www.pugetsoundkeeper.org\/\" target=\"_blank\" rel=\"noopener\">Puget Soundkeeper Alliance<\/a> (Soundkeeper) and Burlington Northern Santa Fe (BNSF) Railway, and has since been supplemented by several other pollution mitigation payments involving Soundkeeper and other Clean Water Act enforcers. Since its inception in 2012, almost $6 million in grants have been awarded for projects in Puget Sound related to conservation, restoration, citizen science, environmental justice, shoreline access, and environmental education.<\/p>\n<\/div>\n                                        <div>\n                                            <button class=\"moreBtn\">About<\/button>\n                                        <\/div>\n                                                                        \n                            <\/div>\n                            \n                        <\/li>\n\n                        \n                <\/ul>\n            <\/div>\n        \n<h2>\n\t\tTake The Next Step\n\t<\/h2>\n<h3>\n\t\tLet&#8217;s Connect\n\t<\/h3>\n\t<p>Speak with a program officer to discuss a pending case and explore the process of setting up a mitigation fund through Rose.<\/p>\n\t<strong>Jodene Isaacs<\/strong><br \/>\n<strong>Mitigation Funds Director<\/strong><br \/>\n<a href=\"mailto:name@rosefdn.org\">jisaacs@rosefdn.org<\/a>\n\t\t\t\t<img decoding=\"async\" src=\"\/wp-content\/uploads\/icon2.svg\" alt=\"icon2\" itemprop=\"image\" title=\"icon2\" onerror=\"this.style.display='none'\"  \/>\n<h2>\n\t\tStay Connected\n\t<\/h2>\n\t<p>Change is happening! Get feel good stories from our grantees, grant opportunities, and news delivered to your inbox.<\/p>\n\t        <div id=\"mc_embed_shell\">\n            <link href=\"\/\/cdn-images.mailchimp.com\/embedcode\/classic-061523.css\" rel=\"stylesheet\" type=\"text\/css\">\n            <div id=\"mc_embed_signup\">\n                <form action=\"https:\/\/rosefdn.us18.list-manage.com\/subscribe\/post?u=5d0ac5eac452623cfe574fc38&amp;id=033d1fcd44&amp;f_id=004e1be7f0\" method=\"post\" id=\"mc-embedded-subscribe-form\" name=\"mc-embedded-subscribe-form\" class=\"validate\" target=\"_blank\">\n                    <div id=\"mc_embed_signup_scroll\">\n                        <div class=\"mchimp_form_wrap\">\n                            <div class=\"mc-field-group\">\n                                <label for=\"mce-EMAIL\">Email Address <span class=\"asterisk\">*<\/span><\/label>\n                                <input type=\"email\" name=\"EMAIL\" class=\"required email\" id=\"mce-EMAIL\" required=\"\" value=\"\">\n                            <\/div>\n                            <div class=\"mc-field-group\">\n                                <label for=\"mce-FNAME\">First Name <span class=\"asterisk\">*<\/span><\/label>\n                                <input type=\"text\" name=\"FNAME\" class=\"required text\" id=\"mce-FNAME\" required=\"\" value=\"\">\n                            <\/div>\n                            <div class=\"mc-field-group\">\n                                <label for=\"mce-LNAME\">Last Name <span class=\"asterisk\">*<\/span><\/label>\n                                <input type=\"text\" name=\"LNAME\" class=\"required text\" id=\"mce-LNAME\" required=\"\" value=\"\">\n                            <\/div>\n                            <div class=\"mc-field-group\">\n                                <label for=\"mce-ZIPCODE\">Zip Code <span class=\"asterisk\">*<\/span><\/label>\n                                <input type=\"zip\" name=\"ZIPCODE\" class=\"required zip\" id=\"mce-ZIPCODE\" value=\"\">\n                            <\/div>\n                            <div class=\"mc_button_submit clear\">\n                                <input type=\"submit\" name=\"subscribe\" id=\"mc-embedded-subscribe\" class=\"button\" value=\"Sign Me Up\">\n                            <\/div>\n                        <\/div>\n                        <!-- <div class=\"indicates-required\"><span class=\"asterisk\">*<\/span> indicates required<\/div> -->\n\n                        \n                        <div hidden=\"\"><input type=\"hidden\" name=\"tags\" value=\"2149477\"><\/div>\n                        <div id=\"mce-responses\" class=\"clear\">\n                            <div class=\"response\" id=\"mce-error-response\" style=\"display: none;\"><\/div>\n                            <div class=\"response\" id=\"mce-success-response\" style=\"display: none;\"><\/div>\n                        <\/div>\n                        <div aria-hidden=\"true\" style=\"position: absolute; left: -5000px;\">\n                            <input type=\"text\" name=\"b_5d0ac5eac452623cfe574fc38_033d1fcd44\" tabindex=\"-1\" value=\"\">\n                        <\/div>\n\n                    <\/div>\n                <\/form>\n            <\/div>\n            <script type=\"text\/javascript\" src=\"\/\/s3.amazonaws.com\/downloads.mailchimp.com\/js\/mc-validate.js\"><\/script><script type=\"text\/javascript\">(function($) {window.fnames = new Array(); window.ftypes = new Array();fnames[0]='EMAIL';ftypes[0]='email';fnames[1]='FNAME';ftypes[1]='text';fnames[2]='LNAME';ftypes[2]='text';fnames[4]='ZIPCODE';ftypes[4]='zip';fnames[3]='ORG';ftypes[3]='text';}(jQuery));var $mcj = jQuery.noConflict(true);<\/script>\n        <\/div>\n\n    \n\n","protected":false},"excerpt":{"rendered":"<p>Conceda una indemnizaci\u00f3n legal a Rose As\u00f3ciese con Rose para canalizar las indemnizaciones medioambientales y de protecci\u00f3n de los consumidores mediante subvenciones accesibles para...<\/p>","protected":false},"author":7,"featured_media":3080,"parent":0,"menu_order":0,"comment_status":"closed","ping_status":"closed","template":"","meta":{"_acf_changed":false,"inline_featured_image":false,"footnotes":""},"class_list":["post-2992","page","type-page","status-publish","has-post-thumbnail","hentry"],"acf":[],"yoast_head":"<!-- This site is optimized with the Yoast SEO plugin v27.3 - https:\/\/yoast.com\/product\/yoast-seo-wordpress\/ -->\n<title>Award A Legal Settlement - Rose Foundation<\/title>\n<meta name=\"description\" content=\"Partner with Rose to channel environmental and consumer protection awards via accessible grants for maximum community impact.\" \/>\n<meta name=\"robots\" content=\"index, follow, max-snippet:-1, max-image-preview:large, max-video-preview:-1\" \/>\n<link rel=\"canonical\" href=\"https:\/\/rosefdn.org\/es\/conceder-un-acuerdo-judicial\/\" \/>\n<meta property=\"og:locale\" content=\"es_ES\" \/>\n<meta property=\"og:type\" content=\"article\" \/>\n<meta property=\"og:title\" content=\"Award A Legal Settlement - Rose Foundation\" \/>\n<meta property=\"og:description\" content=\"Partner with Rose to channel environmental and consumer protection awards via accessible grants for maximum community impact.\" \/>\n<meta property=\"og:url\" content=\"https:\/\/rosefdn.org\/es\/conceder-un-acuerdo-judicial\/\" \/>\n<meta property=\"og:site_name\" content=\"Rose Foundation\" \/>\n<meta property=\"article:modified_time\" content=\"2024-10-16T17:58:13+00:00\" \/>\n<meta property=\"og:image\" content=\"https:\/\/rosefdn.org\/wp-content\/uploads\/feature-bluw-rose.png\" \/>\n\t<meta property=\"og:image:width\" content=\"1100\" \/>\n\t<meta property=\"og:image:height\" content=\"825\" \/>\n\t<meta property=\"og:image:type\" content=\"image\/png\" \/>\n<meta name=\"twitter:card\" content=\"summary_large_image\" \/>\n<meta name=\"twitter:label1\" content=\"Tiempo de lectura\" \/>\n\t<meta name=\"twitter:data1\" content=\"8 minutos\" \/>\n<script type=\"application\/ld+json\" class=\"yoast-schema-graph\">{\"@context\":\"https:\\\/\\\/schema.org\",\"@graph\":[{\"@type\":\"WebPage\",\"@id\":\"https:\\\/\\\/rosefdn.org\\\/award-a-legal-settlement\\\/\",\"url\":\"https:\\\/\\\/rosefdn.org\\\/award-a-legal-settlement\\\/\",\"name\":\"Award A Legal Settlement - Rose Foundation\",\"isPartOf\":{\"@id\":\"https:\\\/\\\/rosefdn.org\\\/#website\"},\"primaryImageOfPage\":{\"@id\":\"https:\\\/\\\/rosefdn.org\\\/award-a-legal-settlement\\\/#primaryimage\"},\"image\":{\"@id\":\"https:\\\/\\\/rosefdn.org\\\/award-a-legal-settlement\\\/#primaryimage\"},\"thumbnailUrl\":\"https:\\\/\\\/rosefdn.org\\\/wp-content\\\/uploads\\\/feature-bluw-rose.png\",\"datePublished\":\"2024-05-20T22:22:09+00:00\",\"dateModified\":\"2024-10-16T17:58:13+00:00\",\"description\":\"Partner with Rose to channel environmental and consumer protection awards via accessible grants for maximum community impact.\",\"breadcrumb\":{\"@id\":\"https:\\\/\\\/rosefdn.org\\\/award-a-legal-settlement\\\/#breadcrumb\"},\"inLanguage\":\"es\",\"potentialAction\":[{\"@type\":\"ReadAction\",\"target\":[\"https:\\\/\\\/rosefdn.org\\\/award-a-legal-settlement\\\/\"]}]},{\"@type\":\"ImageObject\",\"inLanguage\":\"es\",\"@id\":\"https:\\\/\\\/rosefdn.org\\\/award-a-legal-settlement\\\/#primaryimage\",\"url\":\"https:\\\/\\\/rosefdn.org\\\/wp-content\\\/uploads\\\/feature-bluw-rose.png\",\"contentUrl\":\"https:\\\/\\\/rosefdn.org\\\/wp-content\\\/uploads\\\/feature-bluw-rose.png\",\"width\":1100,\"height\":825,\"caption\":\"The Rose Foundation logo against a light blue background\"},{\"@type\":\"BreadcrumbList\",\"@id\":\"https:\\\/\\\/rosefdn.org\\\/award-a-legal-settlement\\\/#breadcrumb\",\"itemListElement\":[{\"@type\":\"ListItem\",\"position\":1,\"name\":\"Home\",\"item\":\"https:\\\/\\\/rosefdn.org\\\/\"},{\"@type\":\"ListItem\",\"position\":2,\"name\":\"Award A Legal Settlement\"}]},{\"@type\":\"WebSite\",\"@id\":\"https:\\\/\\\/rosefdn.org\\\/#website\",\"url\":\"https:\\\/\\\/rosefdn.org\\\/\",\"name\":\"Rose Foundation\",\"description\":\"Communities Flourish With Stewardship\",\"potentialAction\":[{\"@type\":\"SearchAction\",\"target\":{\"@type\":\"EntryPoint\",\"urlTemplate\":\"https:\\\/\\\/rosefdn.org\\\/?s={search_term_string}\"},\"query-input\":{\"@type\":\"PropertyValueSpecification\",\"valueRequired\":true,\"valueName\":\"search_term_string\"}}],\"inLanguage\":\"es\"}]}<\/script>\n<!-- \/ Yoast SEO plugin. -->","yoast_head_json":{"title":"Conceder de un acuerdo judicial - Fundaci\u00f3n Rose","description":"As\u00f3ciese con Rose para canalizar los premios medioambientales y de protecci\u00f3n del consumidor a trav\u00e9s de subvenciones accesibles para lograr el m\u00e1ximo impacto comunitario.","robots":{"index":"index","follow":"follow","max-snippet":"max-snippet:-1","max-image-preview":"max-image-preview:large","max-video-preview":"max-video-preview:-1"},"canonical":"https:\/\/rosefdn.org\/es\/conceder-un-acuerdo-judicial\/","og_locale":"es_ES","og_type":"article","og_title":"Award A Legal Settlement - Rose Foundation","og_description":"Partner with Rose to channel environmental and consumer protection awards via accessible grants for maximum community impact.","og_url":"https:\/\/rosefdn.org\/es\/conceder-un-acuerdo-judicial\/","og_site_name":"Rose Foundation","article_modified_time":"2024-10-16T17:58:13+00:00","og_image":[{"width":1100,"height":825,"url":"https:\/\/rosefdn.org\/wp-content\/uploads\/feature-bluw-rose.png","type":"image\/png"}],"twitter_card":"summary_large_image","twitter_misc":{"Tiempo de lectura":"8 minutos"},"schema":{"@context":"https:\/\/schema.org","@graph":[{"@type":"WebPage","@id":"https:\/\/rosefdn.org\/award-a-legal-settlement\/","url":"https:\/\/rosefdn.org\/award-a-legal-settlement\/","name":"Conceder de un acuerdo judicial - Fundaci\u00f3n Rose","isPartOf":{"@id":"https:\/\/rosefdn.org\/#website"},"primaryImageOfPage":{"@id":"https:\/\/rosefdn.org\/award-a-legal-settlement\/#primaryimage"},"image":{"@id":"https:\/\/rosefdn.org\/award-a-legal-settlement\/#primaryimage"},"thumbnailUrl":"https:\/\/rosefdn.org\/wp-content\/uploads\/feature-bluw-rose.png","datePublished":"2024-05-20T22:22:09+00:00","dateModified":"2024-10-16T17:58:13+00:00","description":"As\u00f3ciese con Rose para canalizar los premios medioambientales y de protecci\u00f3n del consumidor a trav\u00e9s de subvenciones accesibles para lograr el m\u00e1ximo impacto comunitario.","breadcrumb":{"@id":"https:\/\/rosefdn.org\/award-a-legal-settlement\/#breadcrumb"},"inLanguage":"es","potentialAction":[{"@type":"ReadAction","target":["https:\/\/rosefdn.org\/award-a-legal-settlement\/"]}]},{"@type":"ImageObject","inLanguage":"es","@id":"https:\/\/rosefdn.org\/award-a-legal-settlement\/#primaryimage","url":"https:\/\/rosefdn.org\/wp-content\/uploads\/feature-bluw-rose.png","contentUrl":"https:\/\/rosefdn.org\/wp-content\/uploads\/feature-bluw-rose.png","width":1100,"height":825,"caption":"The Rose Foundation logo against a light blue background"},{"@type":"BreadcrumbList","@id":"https:\/\/rosefdn.org\/award-a-legal-settlement\/#breadcrumb","itemListElement":[{"@type":"ListItem","position":1,"name":"Home","item":"https:\/\/rosefdn.org\/"},{"@type":"ListItem","position":2,"name":"Award A Legal Settlement"}]},{"@type":"WebSite","@id":"https:\/\/rosefdn.org\/#website","url":"https:\/\/rosefdn.org\/","name":"Fundaci\u00f3n Rosa","description":"Las comunidades florecen con la administraci\u00f3n","potentialAction":[{"@type":"SearchAction","target":{"@type":"EntryPoint","urlTemplate":"https:\/\/rosefdn.org\/?s={search_term_string}"},"query-input":{"@type":"PropertyValueSpecification","valueRequired":true,"valueName":"search_term_string"}}],"inLanguage":"es"}]}},"_links":{"self":[{"href":"https:\/\/rosefdn.org\/es\/wp-json\/wp\/v2\/pages\/2992","targetHints":{"allow":["GET"]}}],"collection":[{"href":"https:\/\/rosefdn.org\/es\/wp-json\/wp\/v2\/pages"}],"about":[{"href":"https:\/\/rosefdn.org\/es\/wp-json\/wp\/v2\/types\/page"}],"author":[{"embeddable":true,"href":"https:\/\/rosefdn.org\/es\/wp-json\/wp\/v2\/users\/7"}],"replies":[{"embeddable":true,"href":"https:\/\/rosefdn.org\/es\/wp-json\/wp\/v2\/comments?post=2992"}],"version-history":[{"count":0,"href":"https:\/\/rosefdn.org\/es\/wp-json\/wp\/v2\/pages\/2992\/revisions"}],"wp:featuredmedia":[{"embeddable":true,"href":"https:\/\/rosefdn.org\/es\/wp-json\/wp\/v2\/media\/3080"}],"wp:attachment":[{"href":"https:\/\/rosefdn.org\/es\/wp-json\/wp\/v2\/media?parent=2992"}],"curies":[{"name":"wp","href":"https:\/\/api.w.org\/{rel}","templated":true}]}}