{"id":3048,"date":"2024-05-26T14:24:56","date_gmt":"2024-05-26T14:24:56","guid":{"rendered":"https:\/\/rosefdn.org\/?page_id=3048"},"modified":"2025-10-08T21:07:35","modified_gmt":"2025-10-08T21:07:35","slug":"donar","status":"publish","type":"page","link":"https:\/\/rosefdn.org\/es\/donate\/","title":{"rendered":"Donar"},"content":{"rendered":"<h1>\n\t\t\tDonar\t<\/h1>\n\t<p>Ayuda a la pr\u00f3xima oleada de activistas emergentes y j\u00f3venes l\u00edderes a proteger nuestro medio ambiente, nuestros derechos y nuestras comunidades.<\/p>\n<p>Donate Securely online. Rose Foundation is a 501c3 nonprofit organization, EIN: 94-3179772.<\/p>\n<p>Respetamos su intimidad. Consulte nuestra <a href=\"\/es\/privacidad\/\">Pol\u00edtica de privacidad<\/a> para saber c\u00f3mo tratamos su informaci\u00f3n.<\/p>\n<p>&nbsp;<\/p>\n\t\t\t<a href=\"#faq\" target=\"_blank\" rel=\"noopener\">\n\t\t\t\t\t\t\tPreguntas frecuentes sobre donaciones\n\t\t\t\t\t<\/a>\n\t<iframe id=\"qgiv-embed-67631\" frameborder=\"0\" allowtransparency=\"true\" data-embed-position=\"465\" scrolling=\"yes\" src=\"https:\/\/secure.qgiv.com\/for\/rffcate\/embed\/67631\/\"><\/iframe>\n<h2>\n\t\t\tSu apoyo en acci\u00f3n\t<\/h2>\n\t<p>Marca la diferencia \u00danete al movimiento Desde los barrios urbanos hasta las comunidades rurales, Rose capacita a las personas para que aborden de frente los retos medioambientales y de derechos de los consumidores, fomentando soluciones sostenibles y promoviendo el acceso equitativo a comunidades sanas y pr\u00f3speras.<\/p>\n\t\t\t\t<img decoding=\"async\" src=\"\/wp-content\/uploads\/bb-plugin\/cache\/Kentucky-Coalition-Against-Domestic-Violence--circle.jpg\" alt=\"Kentucky-Coalition-Against-Domestic-Violence-\" title=\"Kentucky-Coalition-Against-Domestic-Violence-\" itemprop=\"image\"\/>\n\t\t\t\t\t\t\t\tCoalici\u00f3n de Kentucky contra la violencia dom\u00e9stica\n\t\t\t\t\t\t\t\t\tSubvencionado| Kentucky\n\t\t\t\t\t\t\t\nKentucky Coalition Against Domestic Violence utiliz\u00f3 su subvenci\u00f3n Rose para ampliar su Programa de Capacitaci\u00f3n Econ\u00f3mica, llegando a m\u00e1s de 4.000 participantes, ense\u00f1\u00e1ndoles a evitar las comisiones por descubierto, desarrollar buenas pr\u00e1cticas bancarias y lograr la autosuficiencia.\n\t\t\t\t<img decoding=\"async\" src=\"\/wp-content\/uploads\/bb-plugin\/cache\/Copy-of-Rich-City-Rays-circle.jpg\" alt=\"Copia-de-Rayos-Ciudad-Ricos\" title=\"Copia-de-Rayos-Ciudad-Ricos\" itemprop=\"image\"\/>\n\t\t\t\t\t\t\t\tRayos de Rich City\n\t\t\t\t\t\t\t\t\tBecario | Richmond, CA\t\t\t\t\t\t\t\t\n\t\t\t\t\t\t\t<p>Rich City Rays desaf\u00eda a la industria del petr\u00f3leo y el gas formando a \"kayaktivistas\" para protestas en el agua en Richmond, California, cerca de una refiner\u00eda de Chevron. Luchan por la justicia clim\u00e1tica y promueven la recreaci\u00f3n acu\u00e1tica en comunidades de color.<\/p>\t\t\t\t\t\t\n\t\t\t\t<img decoding=\"async\" src=\"\/wp-content\/uploads\/bb-plugin\/cache\/award-settlement-hero-circle.jpg\" alt=\"premio-h\u00e9roe\" title=\"premio-h\u00e9roe\" itemprop=\"image\"\/>\n\t\t\t\t\t\t\t\tFeather River Land Trust\n\t\t\t\t\t\t\t\t\tBeneficiario | Feather River Watershed\t\t\t\t\t\t\t\t\n\t\t\t\t\t\t\t<p>El r\u00edo Feather, la mayor cuenca hidrogr\u00e1fica de Sierra Nevada, abastece de agua a 27 millones de californianos. Feather River Land Trust, con socios ind\u00edgenas maidu, protege zonas vulnerables, preservando paisajes que secuestran carbono y la calidad del agua.<\/p>\n\t\t\t\t<img decoding=\"async\" src=\"\/wp-content\/uploads\/bb-plugin\/cache\/Growing-Gardens-Donate-circle.jpg\" alt=\"Cultivar-jardines-donar\" title=\"Cultivar-jardines-donar\" itemprop=\"image\"\/>\n\t\t\t\t\t\t\t\tHuertos en crecimiento\n\t\t\t\t\t\t\t\t\tSubvencionado | Oreg\u00f3n\t\t\t\t\t\t\t\t\n\t\t\t\t\t\t\t<p>Gracias a su subvenci\u00f3n Rose, Growing Gardens emplea a 50 reclusos del Instituto Correccional Columbia River para construir un bioswale, filtrar la escorrent\u00eda de aguas pluviales y restaurar el h\u00e1bitat nativo, proporcionando a los reclusos experiencia pr\u00e1ctica para trabajos ecol\u00f3gicos.<\/p>\n\t<h2>\n\t\t\tPREGUNTAS FRECUENTES\t<\/h2>\n\t\t\t\t<img decoding=\"async\" src=\"\/wp-content\/uploads\/ROEP-Drakes-Beach.jpg\" alt=\"ROEP-Drakes-Playa\" itemprop=\"image\" title=\"ROEP-Drakes-Playa\" onerror=\"this.style.display='none'\"  \/>\n\t\t\t\t\t\t\u00bfEs segura mi donaci\u00f3n por Internet?\n\t\t\t<p>S\u00ed, su donaci\u00f3n en l\u00ednea es segura. Utilizamos el cifrado est\u00e1ndar del sector y procesadores de pago de confianza para garantizar la confidencialidad de su informaci\u00f3n financiera y contamos con rigurosas medidas de seguridad para proteger sus datos durante todo el proceso de donaci\u00f3n.<\/p>\n\t\t\t\t\t\t\u00bfMi donaci\u00f3n es deducible de impuestos?\n\t\t\t<p>S\u00ed, la Fundaci\u00f3n Rose para las Comunidades y el Medio Ambiente est\u00e1 exenta del impuesto federal sobre la renta en virtud de la Secci\u00f3n 501(c)(3) del C\u00f3digo de Rentas Internas. Las donaciones son deducibles de impuestos en la mayor medida permitida por la ley.<\/p>\n\t\t\t\t\t\t\u00bfRecibir\u00e9 un recibo fiscal?\n\t\t\t<p>S\u00ed, recibir\u00e1 un recibo fiscal por su donaci\u00f3n. Nos comprometemos a facilitar a nuestros donantes la documentaci\u00f3n necesaria para respaldar sus deducciones fiscales.<\/p>\n\t\t\t\t\t\t\u00bfPuedo donar por cheque?\n\t\t\t<p>S\u00ed, aceptamos donaciones por cheque. Por favor, haga su cheque a nombre de la Fundaci\u00f3n Rose y env\u00edelo por correo a:<\/p>\n<p><strong>Fundaci\u00f3n Rosa <\/strong><br \/>201 Calle 4<br \/>Suite 102<br \/>Oakland, CA 94607<\/p>\n<p>\u00a0<\/p>\n<p>Aseg\u00farese de incluir su informaci\u00f3n de contacto para recibir el reconocimiento correspondiente. Gracias por su generoso apoyo.<\/p>\n<h2>\n\t\t\tOtras formas de donar\t<\/h2>\n\t\t\t\t<img decoding=\"async\" src=\"\/wp-content\/uploads\/icon2.svg\" alt=\"icono2\" itemprop=\"image\" title=\"icono2\" onerror=\"this.style.display='none'\"  \/>\n\t\t\t<a href=\"\/es\/donar-proyecto\/\" target=\"_self\">\n\t\t\t\t\t\t\tDonar a un proyecto espec\u00edfico\n\t\t\t\t\t<\/a>\n\t\t\t<a href=\"\/es\/fondos-asesorados-por-donantes\/\" target=\"_self\">\n\t\t\t\t\t\t\tCrear un fondo\n\t\t\t\t\t<\/a>\n\t\t\t<a href=\"\/es\/legado\/\" target=\"_self\">\n\t\t\t\t\t\t\tDejar un legado\n\t\t\t\t\t<\/a>\n\t\t\t<a href=\"\/es\/dejar-la-propiedad\/\" target=\"_self\">\n\t\t\t\t\t\t\tDejar la propiedad\n\t\t\t\t\t<\/a>\n\t\t\t<a href=\"\/es\/donar-valores\/\" target=\"_self\">\n\t\t\t\t\t\t\tDonar valores\n\t\t\t\t\t<\/a>","protected":false},"excerpt":{"rendered":"<p>Haz un donativo Ayuda a la pr\u00f3xima oleada de activistas emergentes y j\u00f3venes l\u00edderes a proteger nuestro medio ambiente, nuestros derechos y nuestras comunidades. Haz un donativo seguro en l\u00ednea....<\/p>","protected":false},"author":8,"featured_media":3083,"parent":0,"menu_order":0,"comment_status":"closed","ping_status":"closed","template":"","meta":{"_acf_changed":false,"inline_featured_image":false,"footnotes":""},"class_list":["post-3048","page","type-page","status-publish","has-post-thumbnail","hentry"],"acf":[],"yoast_head":"<!-- This site is optimized with the Yoast SEO plugin v27.3 - https:\/\/yoast.com\/product\/yoast-seo-wordpress\/ -->\n<title>Donate Today - Rose Foundation<\/title>\n<meta name=\"description\" content=\"Donate securely online to help the next wave of emerging youth leaders and innovators protect our environment, rights, and communities.\" \/>\n<meta name=\"robots\" content=\"index, follow, max-snippet:-1, max-image-preview:large, max-video-preview:-1\" \/>\n<link rel=\"canonical\" href=\"https:\/\/rosefdn.org\/es\/donar\/\" \/>\n<meta property=\"og:locale\" content=\"es_ES\" \/>\n<meta property=\"og:type\" content=\"article\" \/>\n<meta property=\"og:title\" content=\"Donate Today - Rose Foundation\" \/>\n<meta property=\"og:description\" content=\"Donate securely online to help the next wave of emerging youth leaders and innovators protect our environment, rights, and communities.\" \/>\n<meta property=\"og:url\" content=\"https:\/\/rosefdn.org\/es\/donar\/\" \/>\n<meta property=\"og:site_name\" content=\"Rose Foundation\" \/>\n<meta property=\"article:modified_time\" content=\"2025-10-08T21:07:35+00:00\" \/>\n<meta property=\"og:image\" content=\"https:\/\/rosefdn.org\/wp-content\/uploads\/feature-yellow-rose.png\" \/>\n\t<meta property=\"og:image:width\" content=\"1100\" \/>\n\t<meta property=\"og:image:height\" content=\"825\" \/>\n\t<meta property=\"og:image:type\" content=\"image\/png\" \/>\n<meta name=\"twitter:card\" content=\"summary_large_image\" \/>\n<meta name=\"twitter:label1\" content=\"Tiempo de lectura\" \/>\n\t<meta name=\"twitter:data1\" content=\"4 minutos\" \/>\n<script type=\"application\/ld+json\" class=\"yoast-schema-graph\">{\"@context\":\"https:\\\/\\\/schema.org\",\"@graph\":[{\"@type\":\"WebPage\",\"@id\":\"https:\\\/\\\/rosefdn.org\\\/donate\\\/\",\"url\":\"https:\\\/\\\/rosefdn.org\\\/donate\\\/\",\"name\":\"Donate Today - Rose Foundation\",\"isPartOf\":{\"@id\":\"https:\\\/\\\/rosefdn.org\\\/#website\"},\"primaryImageOfPage\":{\"@id\":\"https:\\\/\\\/rosefdn.org\\\/donate\\\/#primaryimage\"},\"image\":{\"@id\":\"https:\\\/\\\/rosefdn.org\\\/donate\\\/#primaryimage\"},\"thumbnailUrl\":\"https:\\\/\\\/rosefdn.org\\\/wp-content\\\/uploads\\\/feature-yellow-rose.png\",\"datePublished\":\"2024-05-26T14:24:56+00:00\",\"dateModified\":\"2025-10-08T21:07:35+00:00\",\"description\":\"Donate securely online to help the next wave of emerging youth leaders and innovators protect our environment, rights, and communities.\",\"breadcrumb\":{\"@id\":\"https:\\\/\\\/rosefdn.org\\\/donate\\\/#breadcrumb\"},\"inLanguage\":\"es\",\"potentialAction\":[{\"@type\":\"ReadAction\",\"target\":[\"https:\\\/\\\/rosefdn.org\\\/donate\\\/\"]}]},{\"@type\":\"ImageObject\",\"inLanguage\":\"es\",\"@id\":\"https:\\\/\\\/rosefdn.org\\\/donate\\\/#primaryimage\",\"url\":\"https:\\\/\\\/rosefdn.org\\\/wp-content\\\/uploads\\\/feature-yellow-rose.png\",\"contentUrl\":\"https:\\\/\\\/rosefdn.org\\\/wp-content\\\/uploads\\\/feature-yellow-rose.png\",\"width\":1100,\"height\":825},{\"@type\":\"BreadcrumbList\",\"@id\":\"https:\\\/\\\/rosefdn.org\\\/donate\\\/#breadcrumb\",\"itemListElement\":[{\"@type\":\"ListItem\",\"position\":1,\"name\":\"Home\",\"item\":\"https:\\\/\\\/rosefdn.org\\\/\"},{\"@type\":\"ListItem\",\"position\":2,\"name\":\"Donate\"}]},{\"@type\":\"WebSite\",\"@id\":\"https:\\\/\\\/rosefdn.org\\\/#website\",\"url\":\"https:\\\/\\\/rosefdn.org\\\/\",\"name\":\"Rose Foundation\",\"description\":\"Communities Flourish With Stewardship\",\"potentialAction\":[{\"@type\":\"SearchAction\",\"target\":{\"@type\":\"EntryPoint\",\"urlTemplate\":\"https:\\\/\\\/rosefdn.org\\\/?s={search_term_string}\"},\"query-input\":{\"@type\":\"PropertyValueSpecification\",\"valueRequired\":true,\"valueName\":\"search_term_string\"}}],\"inLanguage\":\"es\"}]}<\/script>\n<!-- \/ Yoast SEO plugin. -->","yoast_head_json":{"title":"Donar hoy - Fundaci\u00f3n Rose","description":"Haz un donativo seguro en l\u00ednea para ayudar a la pr\u00f3xima oleada de j\u00f3venes l\u00edderes e innovadores a proteger nuestro medio ambiente, nuestros derechos y nuestras comunidades.","robots":{"index":"index","follow":"follow","max-snippet":"max-snippet:-1","max-image-preview":"max-image-preview:large","max-video-preview":"max-video-preview:-1"},"canonical":"https:\/\/rosefdn.org\/es\/donar\/","og_locale":"es_ES","og_type":"article","og_title":"Donate Today - Rose Foundation","og_description":"Donate securely online to help the next wave of emerging youth leaders and innovators protect our environment, rights, and communities.","og_url":"https:\/\/rosefdn.org\/es\/donar\/","og_site_name":"Rose Foundation","article_modified_time":"2025-10-08T21:07:35+00:00","og_image":[{"width":1100,"height":825,"url":"https:\/\/rosefdn.org\/wp-content\/uploads\/feature-yellow-rose.png","type":"image\/png"}],"twitter_card":"summary_large_image","twitter_misc":{"Tiempo de lectura":"4 minutos"},"schema":{"@context":"https:\/\/schema.org","@graph":[{"@type":"WebPage","@id":"https:\/\/rosefdn.org\/donate\/","url":"https:\/\/rosefdn.org\/donate\/","name":"Donar hoy - Fundaci\u00f3n Rose","isPartOf":{"@id":"https:\/\/rosefdn.org\/#website"},"primaryImageOfPage":{"@id":"https:\/\/rosefdn.org\/donate\/#primaryimage"},"image":{"@id":"https:\/\/rosefdn.org\/donate\/#primaryimage"},"thumbnailUrl":"https:\/\/rosefdn.org\/wp-content\/uploads\/feature-yellow-rose.png","datePublished":"2024-05-26T14:24:56+00:00","dateModified":"2025-10-08T21:07:35+00:00","description":"Haz un donativo seguro en l\u00ednea para ayudar a la pr\u00f3xima oleada de j\u00f3venes l\u00edderes e innovadores a proteger nuestro medio ambiente, nuestros derechos y nuestras comunidades.","breadcrumb":{"@id":"https:\/\/rosefdn.org\/donate\/#breadcrumb"},"inLanguage":"es","potentialAction":[{"@type":"ReadAction","target":["https:\/\/rosefdn.org\/donate\/"]}]},{"@type":"ImageObject","inLanguage":"es","@id":"https:\/\/rosefdn.org\/donate\/#primaryimage","url":"https:\/\/rosefdn.org\/wp-content\/uploads\/feature-yellow-rose.png","contentUrl":"https:\/\/rosefdn.org\/wp-content\/uploads\/feature-yellow-rose.png","width":1100,"height":825},{"@type":"BreadcrumbList","@id":"https:\/\/rosefdn.org\/donate\/#breadcrumb","itemListElement":[{"@type":"ListItem","position":1,"name":"Home","item":"https:\/\/rosefdn.org\/"},{"@type":"ListItem","position":2,"name":"Donate"}]},{"@type":"WebSite","@id":"https:\/\/rosefdn.org\/#website","url":"https:\/\/rosefdn.org\/","name":"Fundaci\u00f3n Rosa","description":"Las comunidades florecen con la administraci\u00f3n","potentialAction":[{"@type":"SearchAction","target":{"@type":"EntryPoint","urlTemplate":"https:\/\/rosefdn.org\/?s={search_term_string}"},"query-input":{"@type":"PropertyValueSpecification","valueRequired":true,"valueName":"search_term_string"}}],"inLanguage":"es"}]}},"_links":{"self":[{"href":"https:\/\/rosefdn.org\/es\/wp-json\/wp\/v2\/pages\/3048","targetHints":{"allow":["GET"]}}],"collection":[{"href":"https:\/\/rosefdn.org\/es\/wp-json\/wp\/v2\/pages"}],"about":[{"href":"https:\/\/rosefdn.org\/es\/wp-json\/wp\/v2\/types\/page"}],"author":[{"embeddable":true,"href":"https:\/\/rosefdn.org\/es\/wp-json\/wp\/v2\/users\/8"}],"replies":[{"embeddable":true,"href":"https:\/\/rosefdn.org\/es\/wp-json\/wp\/v2\/comments?post=3048"}],"version-history":[{"count":0,"href":"https:\/\/rosefdn.org\/es\/wp-json\/wp\/v2\/pages\/3048\/revisions"}],"wp:featuredmedia":[{"embeddable":true,"href":"https:\/\/rosefdn.org\/es\/wp-json\/wp\/v2\/media\/3083"}],"wp:attachment":[{"href":"https:\/\/rosefdn.org\/es\/wp-json\/wp\/v2\/media?parent=3048"}],"curies":[{"name":"wp","href":"https:\/\/api.w.org\/{rel}","templated":true}]}}