{"id":3049,"date":"2024-05-26T14:25:36","date_gmt":"2024-05-26T14:25:36","guid":{"rendered":"https:\/\/rosefdn.org\/?page_id=3049"},"modified":"2024-11-21T00:47:33","modified_gmt":"2024-11-21T00:47:33","slug":"donar-proyecto","status":"publish","type":"page","link":"https:\/\/rosefdn.org\/es\/donate-project\/","title":{"rendered":"Donar a un proyecto"},"content":{"rendered":"<h1>\n\t\tDonar a un proyecto patrocinado fiscalmente\n\t<\/h1>\n\t<p>Ayuda a la pr\u00f3xima oleada de l\u00edderes medioambientales a proteger nuestro medio ambiente, nuestros derechos y nuestras comunidades de costa a costa.<\/p>\n<p>Done en l\u00ednea de forma segura. Rose Foundation es una organizaci\u00f3n sin \u00e1nimo de lucro 501c3, EIN: 94-3179772<\/p>\n\t\t\t<a href=\"\/es\/donar-proyecto\/\" target=\"_blank\" rel=\"noopener\">\n\t\t\t\t\t\t\tPreguntas frecuentes sobre donaciones\n\t\t\t\t\t<\/a>\n\t<iframe id=\"qgiv-embed-67763\" frameborder=\"0\" allowtransparency=\"true\" data-embed-position=\"529\" scrolling=\"yes\" src=\"https:\/\/secure.qgiv.com\/for\/fiscallysponsoredprojectsgivingpage\/embed\/67763\/\"><\/iframe>\n<h2>\n\t\tSu apoyo en acci\u00f3n\n\t<\/h2>\n\t<p>Gracias por su generoso apoyo. Cada donaci\u00f3n impulsa iniciativas de base, capacita a las comunidades e impulsa cambios positivos. Sea un catalizador de la justicia y la sostenibilidad medioambiental: marque una diferencia significativa contribuyendo hoy mismo.<\/p>\n<h2>\n\t\tPREGUNTAS FRECUENTES\n\t<\/h2>\n\t\t\t\t<img decoding=\"async\" src=\"\/wp-content\/uploads\/GRANTEE-Watershed-Protection-Fund_-Santa-Barbara-Waterkeeper.jpg\" alt=\"GRANTEE-Watershed-Protection-Fund_-Santa-Barbara-Waterkeeper\" itemprop=\"image\" title=\"GRANTEE-Watershed-Protection-Fund_-Santa-Barbara-Waterkeeper\" onerror=\"this.style.display='none'\"  \/>\n\t\t\t\t\t\t\u00bfEs segura mi donaci\u00f3n por Internet?\n\t\t\t<p>S\u00ed, su donaci\u00f3n en l\u00ednea es segura. Utilizamos el cifrado est\u00e1ndar del sector y procesadores de pago de confianza para garantizar la confidencialidad de su informaci\u00f3n financiera y contamos con rigurosas medidas de seguridad para proteger sus datos durante todo el proceso de donaci\u00f3n.<\/p>\n\t\t\t\t\t\t\u00bfMi donaci\u00f3n es deducible de impuestos?\n\t\t\t<p>S\u00ed, la Fundaci\u00f3n Rose para las Comunidades y el Medio Ambiente est\u00e1 exenta del impuesto federal sobre la renta en virtud de la Secci\u00f3n 501(c)(3) del C\u00f3digo de Rentas Internas. Las donaciones son deducibles de impuestos en la mayor medida permitida por la ley.<\/p>\n\t\t\t\t\t\t\u00bfRecibir\u00e9 un recibo fiscal?\n\t\t\t<p>S\u00ed, recibir\u00e1 un recibo fiscal por su donaci\u00f3n. Nos comprometemos a facilitar a nuestros donantes la documentaci\u00f3n necesaria para respaldar sus deducciones fiscales.<\/p>\n\t\t\t\t\t\t\u00bfPuedo donar por cheque?\n\t\t\t<p>Yes, we welcome donations by check. Please make your check payable to the Rose Foundation with the name of the project you want to support in the memo line and mail it to:<\/p>\n<p><strong>Fundaci\u00f3n Rosa <\/strong><br \/>201 Calle 4<br \/>Suite 102 Oakland<br \/>CA 94607.<\/p>\n<p>Aseg\u00farese de incluir su informaci\u00f3n de contacto para recibir el reconocimiento correspondiente. Gracias por su generoso apoyo.<\/p>\n<h2>\n\t\tOtras formas de donar\n\t<\/h2>\n\t\t\t\t<img decoding=\"async\" src=\"\/wp-content\/uploads\/icon2.svg\" alt=\"icono2\" itemprop=\"image\" title=\"icono2\" onerror=\"this.style.display='none'\"  \/>\n\t\t\t<a href=\"\/es\/donar\/\" target=\"_self\" rel=\"noopener\">\n\t\t\t\t\t\t\tDonar hoy\n\t\t\t\t\t<\/a>\n\t\t\t<a href=\"\/es\/fondos-asesorados-por-donantes\/\" target=\"_self\" rel=\"noopener\">\n\t\t\t\t\t\t\tCrear un fondo\n\t\t\t\t\t<\/a>\n\t\t\t<a href=\"\/es\/legado\/\" target=\"_self\" rel=\"noopener\">\n\t\t\t\t\t\t\tDejar un legado\n\t\t\t\t\t<\/a>","protected":false},"excerpt":{"rendered":"<p>Dona a un proyecto patrocinado fiscalmente Ayuda a la pr\u00f3xima oleada de l\u00edderes medioambientales a proteger nuestro medio ambiente, nuestros derechos y nuestras comunidades de...<\/p>","protected":false},"author":8,"featured_media":3083,"parent":0,"menu_order":0,"comment_status":"closed","ping_status":"closed","template":"","meta":{"_acf_changed":false,"inline_featured_image":false,"footnotes":""},"class_list":["post-3049","page","type-page","status-publish","has-post-thumbnail","hentry"],"acf":[],"yoast_head":"<!-- This site is optimized with the Yoast SEO plugin v27.3 - https:\/\/yoast.com\/product\/yoast-seo-wordpress\/ -->\n<title>Donate To A Project - Rose Foundation<\/title>\n<meta name=\"description\" content=\"Donate securely online today to help the next wave of environmental leaders protect our environment, rights, and communities from coast to coast.\" \/>\n<meta name=\"robots\" content=\"index, follow, max-snippet:-1, max-image-preview:large, max-video-preview:-1\" \/>\n<link rel=\"canonical\" href=\"https:\/\/rosefdn.org\/es\/donar-proyecto\/\" \/>\n<meta property=\"og:locale\" content=\"es_ES\" \/>\n<meta property=\"og:type\" content=\"article\" \/>\n<meta property=\"og:title\" content=\"Donate To A Project - Rose Foundation\" \/>\n<meta property=\"og:description\" content=\"Donate securely online today to help the next wave of environmental leaders protect our environment, rights, and communities from coast to coast.\" \/>\n<meta property=\"og:url\" content=\"https:\/\/rosefdn.org\/es\/donar-proyecto\/\" \/>\n<meta property=\"og:site_name\" content=\"Rose Foundation\" \/>\n<meta property=\"article:modified_time\" content=\"2024-11-21T00:47:33+00:00\" \/>\n<meta property=\"og:image\" content=\"https:\/\/rosefdn.org\/wp-content\/uploads\/feature-yellow-rose.png\" \/>\n\t<meta property=\"og:image:width\" content=\"1100\" \/>\n\t<meta property=\"og:image:height\" content=\"825\" \/>\n\t<meta property=\"og:image:type\" content=\"image\/png\" \/>\n<meta name=\"twitter:card\" content=\"summary_large_image\" \/>\n<meta name=\"twitter:label1\" content=\"Tiempo de lectura\" \/>\n\t<meta name=\"twitter:data1\" content=\"2 minutos\" \/>\n<script type=\"application\/ld+json\" class=\"yoast-schema-graph\">{\"@context\":\"https:\\\/\\\/schema.org\",\"@graph\":[{\"@type\":\"WebPage\",\"@id\":\"https:\\\/\\\/rosefdn.org\\\/donate-project\\\/\",\"url\":\"https:\\\/\\\/rosefdn.org\\\/donate-project\\\/\",\"name\":\"Donate To A Project - Rose Foundation\",\"isPartOf\":{\"@id\":\"https:\\\/\\\/rosefdn.org\\\/#website\"},\"primaryImageOfPage\":{\"@id\":\"https:\\\/\\\/rosefdn.org\\\/donate-project\\\/#primaryimage\"},\"image\":{\"@id\":\"https:\\\/\\\/rosefdn.org\\\/donate-project\\\/#primaryimage\"},\"thumbnailUrl\":\"https:\\\/\\\/rosefdn.org\\\/wp-content\\\/uploads\\\/feature-yellow-rose.png\",\"datePublished\":\"2024-05-26T14:25:36+00:00\",\"dateModified\":\"2024-11-21T00:47:33+00:00\",\"description\":\"Donate securely online today to help the next wave of environmental leaders protect our environment, rights, and communities from coast to coast.\",\"breadcrumb\":{\"@id\":\"https:\\\/\\\/rosefdn.org\\\/donate-project\\\/#breadcrumb\"},\"inLanguage\":\"es\",\"potentialAction\":[{\"@type\":\"ReadAction\",\"target\":[\"https:\\\/\\\/rosefdn.org\\\/donate-project\\\/\"]}]},{\"@type\":\"ImageObject\",\"inLanguage\":\"es\",\"@id\":\"https:\\\/\\\/rosefdn.org\\\/donate-project\\\/#primaryimage\",\"url\":\"https:\\\/\\\/rosefdn.org\\\/wp-content\\\/uploads\\\/feature-yellow-rose.png\",\"contentUrl\":\"https:\\\/\\\/rosefdn.org\\\/wp-content\\\/uploads\\\/feature-yellow-rose.png\",\"width\":1100,\"height\":825},{\"@type\":\"BreadcrumbList\",\"@id\":\"https:\\\/\\\/rosefdn.org\\\/donate-project\\\/#breadcrumb\",\"itemListElement\":[{\"@type\":\"ListItem\",\"position\":1,\"name\":\"Home\",\"item\":\"https:\\\/\\\/rosefdn.org\\\/\"},{\"@type\":\"ListItem\",\"position\":2,\"name\":\"Donate To A Project\"}]},{\"@type\":\"WebSite\",\"@id\":\"https:\\\/\\\/rosefdn.org\\\/#website\",\"url\":\"https:\\\/\\\/rosefdn.org\\\/\",\"name\":\"Rose Foundation\",\"description\":\"Communities Flourish With Stewardship\",\"potentialAction\":[{\"@type\":\"SearchAction\",\"target\":{\"@type\":\"EntryPoint\",\"urlTemplate\":\"https:\\\/\\\/rosefdn.org\\\/?s={search_term_string}\"},\"query-input\":{\"@type\":\"PropertyValueSpecification\",\"valueRequired\":true,\"valueName\":\"search_term_string\"}}],\"inLanguage\":\"es\"}]}<\/script>\n<!-- \/ Yoast SEO plugin. -->","yoast_head_json":{"title":"Donar a un proyecto - Fundaci\u00f3n Rose","description":"Haz hoy mismo un donativo online seguro para ayudar a la pr\u00f3xima oleada de l\u00edderes medioambientales a proteger nuestro medio ambiente, nuestros derechos y nuestras comunidades de costa a costa.","robots":{"index":"index","follow":"follow","max-snippet":"max-snippet:-1","max-image-preview":"max-image-preview:large","max-video-preview":"max-video-preview:-1"},"canonical":"https:\/\/rosefdn.org\/es\/donar-proyecto\/","og_locale":"es_ES","og_type":"article","og_title":"Donate To A Project - Rose Foundation","og_description":"Donate securely online today to help the next wave of environmental leaders protect our environment, rights, and communities from coast to coast.","og_url":"https:\/\/rosefdn.org\/es\/donar-proyecto\/","og_site_name":"Rose Foundation","article_modified_time":"2024-11-21T00:47:33+00:00","og_image":[{"width":1100,"height":825,"url":"https:\/\/rosefdn.org\/wp-content\/uploads\/feature-yellow-rose.png","type":"image\/png"}],"twitter_card":"summary_large_image","twitter_misc":{"Tiempo de lectura":"2 minutos"},"schema":{"@context":"https:\/\/schema.org","@graph":[{"@type":"WebPage","@id":"https:\/\/rosefdn.org\/donate-project\/","url":"https:\/\/rosefdn.org\/donate-project\/","name":"Donar a un proyecto - Fundaci\u00f3n Rose","isPartOf":{"@id":"https:\/\/rosefdn.org\/#website"},"primaryImageOfPage":{"@id":"https:\/\/rosefdn.org\/donate-project\/#primaryimage"},"image":{"@id":"https:\/\/rosefdn.org\/donate-project\/#primaryimage"},"thumbnailUrl":"https:\/\/rosefdn.org\/wp-content\/uploads\/feature-yellow-rose.png","datePublished":"2024-05-26T14:25:36+00:00","dateModified":"2024-11-21T00:47:33+00:00","description":"Haz hoy mismo un donativo online seguro para ayudar a la pr\u00f3xima oleada de l\u00edderes medioambientales a proteger nuestro medio ambiente, nuestros derechos y nuestras comunidades de costa a costa.","breadcrumb":{"@id":"https:\/\/rosefdn.org\/donate-project\/#breadcrumb"},"inLanguage":"es","potentialAction":[{"@type":"ReadAction","target":["https:\/\/rosefdn.org\/donate-project\/"]}]},{"@type":"ImageObject","inLanguage":"es","@id":"https:\/\/rosefdn.org\/donate-project\/#primaryimage","url":"https:\/\/rosefdn.org\/wp-content\/uploads\/feature-yellow-rose.png","contentUrl":"https:\/\/rosefdn.org\/wp-content\/uploads\/feature-yellow-rose.png","width":1100,"height":825},{"@type":"BreadcrumbList","@id":"https:\/\/rosefdn.org\/donate-project\/#breadcrumb","itemListElement":[{"@type":"ListItem","position":1,"name":"Home","item":"https:\/\/rosefdn.org\/"},{"@type":"ListItem","position":2,"name":"Donate To A Project"}]},{"@type":"WebSite","@id":"https:\/\/rosefdn.org\/#website","url":"https:\/\/rosefdn.org\/","name":"Fundaci\u00f3n Rosa","description":"Las comunidades florecen con la administraci\u00f3n","potentialAction":[{"@type":"SearchAction","target":{"@type":"EntryPoint","urlTemplate":"https:\/\/rosefdn.org\/?s={search_term_string}"},"query-input":{"@type":"PropertyValueSpecification","valueRequired":true,"valueName":"search_term_string"}}],"inLanguage":"es"}]}},"_links":{"self":[{"href":"https:\/\/rosefdn.org\/es\/wp-json\/wp\/v2\/pages\/3049","targetHints":{"allow":["GET"]}}],"collection":[{"href":"https:\/\/rosefdn.org\/es\/wp-json\/wp\/v2\/pages"}],"about":[{"href":"https:\/\/rosefdn.org\/es\/wp-json\/wp\/v2\/types\/page"}],"author":[{"embeddable":true,"href":"https:\/\/rosefdn.org\/es\/wp-json\/wp\/v2\/users\/8"}],"replies":[{"embeddable":true,"href":"https:\/\/rosefdn.org\/es\/wp-json\/wp\/v2\/comments?post=3049"}],"version-history":[{"count":0,"href":"https:\/\/rosefdn.org\/es\/wp-json\/wp\/v2\/pages\/3049\/revisions"}],"wp:featuredmedia":[{"embeddable":true,"href":"https:\/\/rosefdn.org\/es\/wp-json\/wp\/v2\/media\/3083"}],"wp:attachment":[{"href":"https:\/\/rosefdn.org\/es\/wp-json\/wp\/v2\/media?parent=3049"}],"curies":[{"name":"wp","href":"https:\/\/api.w.org\/{rel}","templated":true}]}}