{"id":3052,"date":"2024-05-26T14:28:58","date_gmt":"2024-05-26T14:28:58","guid":{"rendered":"https:\/\/rosefdn.org\/?page_id=3052"},"modified":"2024-05-27T01:48:38","modified_gmt":"2024-05-27T01:48:38","slug":"donar-valores","status":"publish","type":"page","link":"https:\/\/rosefdn.org\/es\/donate-securities\/","title":{"rendered":"Donar valores"},"content":{"rendered":"<h1>\n\t\tDonar valores\n\t<\/h1>\n\t<p>Maximice su deducci\u00f3n fiscal aportando acciones, bonos o fondos de inversi\u00f3n mantenidos durante m\u00e1s de un a\u00f1o.<\/p>\n\t\t\t\t<img decoding=\"async\" src=\"\/wp-content\/uploads\/donate-securities-hero.jpg\" alt=\"dona-seguros-h\u00e9roe\" itemprop=\"image\" title=\"dona-seguros-h\u00e9roe\" onerror=\"this.style.display='none'\"  \/>\n<h2>\n\t\tAcerca de\n\t<\/h2>\n\t<p>Maximize your tax deduction by contributing stocks, bonds, or mutual funds held for over a year. Enjoy an income tax deduction for the full market value, sidestepping capital gains liability on securities&#8217; appreciation. If the donation exceeds 30% of AGI, carry the excess forward for up to five years. Avoid capital gains tax by donating securities directly instead of selling them for a cash donation.<\/p>\n<p>Para todos los ajustes de su plan sucesorio, le recomendamos que consulte a su especialista jur\u00eddico y\/o financiero.<\/p>\n<p><strong>Posibles ventajas fiscales<\/strong><\/p>\n<p>Donating stock or property to Rose Foundation can produce a variety of tax benefits: Contributing securities held for over a year allows an income tax deduction for the assets&#8217; full market value, sidestepping capital gains liability. Directly giving appreciated securities also avoids capital gains tax on their sale.<\/p>\n<p>Para todos los ajustes de su plan sucesorio, le recomendamos que consulte a su especialista jur\u00eddico y\/o financiero. <\/p>\n<h2>\n\t\tD\u00e9 el siguiente paso\n\t<\/h2>\n\t<p>Al donar acciones apreciadas, evite el impuesto sobre plusval\u00edas en la venta de valores apreciados. Maximice su deducci\u00f3n fiscal donando.<\/p>\n<h3>\n\t\tConect\u00e9monos\n\t<\/h3>\n\t<p>Si tiene preguntas, p\u00f3ngase en contacto con <a href=\"mailto:accounting@rosefdn.org\"><strong>accounting@rosefdn.org<\/strong><\/a><\/p>","protected":false},"excerpt":{"rendered":"<p>Donate Securities Maximize your tax deduction by contributing stocks, bonds, or mutual funds held for over a year. About Maximize&hellip;<\/p>","protected":false},"author":8,"featured_media":0,"parent":0,"menu_order":0,"comment_status":"closed","ping_status":"closed","template":"","meta":{"_acf_changed":false,"inline_featured_image":false,"footnotes":""},"class_list":["post-3052","page","type-page","status-publish","hentry"],"acf":[],"yoast_head":"<!-- This site is optimized with the Yoast SEO plugin v27.3 - https:\/\/yoast.com\/product\/yoast-seo-wordpress\/ -->\n<title>Donate Securities - Rose Foundation<\/title>\n<meta name=\"description\" content=\"Donate Securities Maximize your tax deduction by contributing stocks, bonds, or mutual funds held for over a year. About Maximize your tax deduction by\" \/>\n<meta name=\"robots\" content=\"index, follow, max-snippet:-1, max-image-preview:large, max-video-preview:-1\" \/>\n<link rel=\"canonical\" href=\"https:\/\/rosefdn.org\/es\/donar-valores\/\" \/>\n<meta property=\"og:locale\" content=\"es_ES\" \/>\n<meta property=\"og:type\" content=\"article\" \/>\n<meta property=\"og:title\" content=\"Donate Securities - Rose Foundation\" \/>\n<meta property=\"og:description\" content=\"Donate Securities Maximize your tax deduction by contributing stocks, bonds, or mutual funds held for over a year. About Maximize your tax deduction by\" \/>\n<meta property=\"og:url\" content=\"https:\/\/rosefdn.org\/es\/donar-valores\/\" \/>\n<meta property=\"og:site_name\" content=\"Rose Foundation\" \/>\n<meta property=\"article:modified_time\" content=\"2024-05-27T01:48:38+00:00\" \/>\n<meta property=\"og:image\" content=\"https:\/\/rosefdn.org\/wp-content\/uploads\/donate-securities-hero.jpg\" \/>\n<meta name=\"twitter:card\" content=\"summary_large_image\" \/>\n<script type=\"application\/ld+json\" class=\"yoast-schema-graph\">{\"@context\":\"https:\\\/\\\/schema.org\",\"@graph\":[{\"@type\":\"WebPage\",\"@id\":\"https:\\\/\\\/rosefdn.org\\\/donate-securities\\\/\",\"url\":\"https:\\\/\\\/rosefdn.org\\\/donate-securities\\\/\",\"name\":\"Donate Securities - Rose Foundation\",\"isPartOf\":{\"@id\":\"https:\\\/\\\/rosefdn.org\\\/#website\"},\"primaryImageOfPage\":{\"@id\":\"https:\\\/\\\/rosefdn.org\\\/donate-securities\\\/#primaryimage\"},\"image\":{\"@id\":\"https:\\\/\\\/rosefdn.org\\\/donate-securities\\\/#primaryimage\"},\"thumbnailUrl\":\"https:\\\/\\\/rosefdn.org\\\/wp-content\\\/uploads\\\/donate-securities-hero.jpg\",\"datePublished\":\"2024-05-26T14:28:58+00:00\",\"dateModified\":\"2024-05-27T01:48:38+00:00\",\"description\":\"Donate Securities Maximize your tax deduction by contributing stocks, bonds, or mutual funds held for over a year. About Maximize your tax deduction by\",\"breadcrumb\":{\"@id\":\"https:\\\/\\\/rosefdn.org\\\/donate-securities\\\/#breadcrumb\"},\"inLanguage\":\"es\",\"potentialAction\":[{\"@type\":\"ReadAction\",\"target\":[\"https:\\\/\\\/rosefdn.org\\\/donate-securities\\\/\"]}]},{\"@type\":\"ImageObject\",\"inLanguage\":\"es\",\"@id\":\"https:\\\/\\\/rosefdn.org\\\/donate-securities\\\/#primaryimage\",\"url\":\"https:\\\/\\\/rosefdn.org\\\/wp-content\\\/uploads\\\/donate-securities-hero.jpg\",\"contentUrl\":\"https:\\\/\\\/rosefdn.org\\\/wp-content\\\/uploads\\\/donate-securities-hero.jpg\"},{\"@type\":\"BreadcrumbList\",\"@id\":\"https:\\\/\\\/rosefdn.org\\\/donate-securities\\\/#breadcrumb\",\"itemListElement\":[{\"@type\":\"ListItem\",\"position\":1,\"name\":\"Home\",\"item\":\"https:\\\/\\\/rosefdn.org\\\/\"},{\"@type\":\"ListItem\",\"position\":2,\"name\":\"Donate Securities\"}]},{\"@type\":\"WebSite\",\"@id\":\"https:\\\/\\\/rosefdn.org\\\/#website\",\"url\":\"https:\\\/\\\/rosefdn.org\\\/\",\"name\":\"Rose Foundation\",\"description\":\"Communities Flourish With Stewardship\",\"potentialAction\":[{\"@type\":\"SearchAction\",\"target\":{\"@type\":\"EntryPoint\",\"urlTemplate\":\"https:\\\/\\\/rosefdn.org\\\/?s={search_term_string}\"},\"query-input\":{\"@type\":\"PropertyValueSpecification\",\"valueRequired\":true,\"valueName\":\"search_term_string\"}}],\"inLanguage\":\"es\"}]}<\/script>\n<!-- \/ Yoast SEO plugin. -->","yoast_head_json":{"title":"Donaci\u00f3n de valores - Fundaci\u00f3n Rose","description":"Donar valores Maximice su deducci\u00f3n fiscal aportando acciones, bonos o fondos de inversi\u00f3n mantenidos durante m\u00e1s de un a\u00f1o. Acerca de Maximice su deducci\u00f3n fiscal","robots":{"index":"index","follow":"follow","max-snippet":"max-snippet:-1","max-image-preview":"max-image-preview:large","max-video-preview":"max-video-preview:-1"},"canonical":"https:\/\/rosefdn.org\/es\/donar-valores\/","og_locale":"es_ES","og_type":"article","og_title":"Donate Securities - Rose Foundation","og_description":"Donate Securities Maximize your tax deduction by contributing stocks, bonds, or mutual funds held for over a year. About Maximize your tax deduction by","og_url":"https:\/\/rosefdn.org\/es\/donar-valores\/","og_site_name":"Rose Foundation","article_modified_time":"2024-05-27T01:48:38+00:00","og_image":[{"url":"https:\/\/rosefdn.org\/wp-content\/uploads\/donate-securities-hero.jpg","type":"","width":"","height":""}],"twitter_card":"summary_large_image","schema":{"@context":"https:\/\/schema.org","@graph":[{"@type":"WebPage","@id":"https:\/\/rosefdn.org\/donate-securities\/","url":"https:\/\/rosefdn.org\/donate-securities\/","name":"Donaci\u00f3n de valores - Fundaci\u00f3n Rose","isPartOf":{"@id":"https:\/\/rosefdn.org\/#website"},"primaryImageOfPage":{"@id":"https:\/\/rosefdn.org\/donate-securities\/#primaryimage"},"image":{"@id":"https:\/\/rosefdn.org\/donate-securities\/#primaryimage"},"thumbnailUrl":"https:\/\/rosefdn.org\/wp-content\/uploads\/donate-securities-hero.jpg","datePublished":"2024-05-26T14:28:58+00:00","dateModified":"2024-05-27T01:48:38+00:00","description":"Donar valores Maximice su deducci\u00f3n fiscal aportando acciones, bonos o fondos de inversi\u00f3n mantenidos durante m\u00e1s de un a\u00f1o. Acerca de Maximice su deducci\u00f3n fiscal","breadcrumb":{"@id":"https:\/\/rosefdn.org\/donate-securities\/#breadcrumb"},"inLanguage":"es","potentialAction":[{"@type":"ReadAction","target":["https:\/\/rosefdn.org\/donate-securities\/"]}]},{"@type":"ImageObject","inLanguage":"es","@id":"https:\/\/rosefdn.org\/donate-securities\/#primaryimage","url":"https:\/\/rosefdn.org\/wp-content\/uploads\/donate-securities-hero.jpg","contentUrl":"https:\/\/rosefdn.org\/wp-content\/uploads\/donate-securities-hero.jpg"},{"@type":"BreadcrumbList","@id":"https:\/\/rosefdn.org\/donate-securities\/#breadcrumb","itemListElement":[{"@type":"ListItem","position":1,"name":"Home","item":"https:\/\/rosefdn.org\/"},{"@type":"ListItem","position":2,"name":"Donate Securities"}]},{"@type":"WebSite","@id":"https:\/\/rosefdn.org\/#website","url":"https:\/\/rosefdn.org\/","name":"Fundaci\u00f3n Rosa","description":"Las comunidades florecen con la administraci\u00f3n","potentialAction":[{"@type":"SearchAction","target":{"@type":"EntryPoint","urlTemplate":"https:\/\/rosefdn.org\/?s={search_term_string}"},"query-input":{"@type":"PropertyValueSpecification","valueRequired":true,"valueName":"search_term_string"}}],"inLanguage":"es"}]}},"_links":{"self":[{"href":"https:\/\/rosefdn.org\/es\/wp-json\/wp\/v2\/pages\/3052","targetHints":{"allow":["GET"]}}],"collection":[{"href":"https:\/\/rosefdn.org\/es\/wp-json\/wp\/v2\/pages"}],"about":[{"href":"https:\/\/rosefdn.org\/es\/wp-json\/wp\/v2\/types\/page"}],"author":[{"embeddable":true,"href":"https:\/\/rosefdn.org\/es\/wp-json\/wp\/v2\/users\/8"}],"replies":[{"embeddable":true,"href":"https:\/\/rosefdn.org\/es\/wp-json\/wp\/v2\/comments?post=3052"}],"version-history":[{"count":0,"href":"https:\/\/rosefdn.org\/es\/wp-json\/wp\/v2\/pages\/3052\/revisions"}],"wp:attachment":[{"href":"https:\/\/rosefdn.org\/es\/wp-json\/wp\/v2\/media?parent=3052"}],"curies":[{"name":"wp","href":"https:\/\/api.w.org\/{rel}","templated":true}]}}