{"id":3054,"date":"2024-05-26T14:30:17","date_gmt":"2024-05-26T14:30:17","guid":{"rendered":"https:\/\/rosefdn.org\/?page_id=3054"},"modified":"2024-07-25T18:51:17","modified_gmt":"2024-07-25T18:51:17","slug":"fondos-asesorados-por-donantes","status":"publish","type":"page","link":"https:\/\/rosefdn.org\/es\/donor-advised-funds\/","title":{"rendered":"Crear un fondo destinado a donantes"},"content":{"rendered":"\n<h1>\n\t\tStart A Donor-Advised Fund\n\t<\/h1>\n\t<p>Establish a Donor Advised Fund to fulfill your philanthropic vision.<\/p>\n\t\t\t<a href=\"#contact\" target=\"_self\" rel=\"noopener\">\n\t\t\t\t\t\t\tContact Us To Start\n\t\t\t\t\t<\/a>\n\t\t\t\t<img decoding=\"async\" src=\"\/wp-content\/uploads\/donor-advised-fund-hero.jpg\" alt=\"donor-advised-fund-hero\" itemprop=\"image\" title=\"donor-advised-fund-hero\" onerror=\"this.style.display='none'\"  \/>\n\t\t\t<a href=\"#\" target=\"_self\" rel=\"nofollow noopener\">\n\t\t\t\t\t\tJUMP TO\n\t\t\t\t\t<\/a>\n\t\t\t<a href=\"#why\" target=\"_self\" rel=\"noopener\">\n\t\t\t\t\t\t\tWhy Start A Fund\n\t\t\t\t\t<\/a>\n\t\t\t<a href=\"#philosophy\" target=\"_self\" rel=\"noopener\">\n\t\t\t\t\t\t\tGrantmaking Philosophy\n\t\t\t\t\t<\/a>\n\t\t\t<a href=\"#types\" target=\"_self\" rel=\"noopener\">\n\t\t\t\t\t\t\tTypes of Funds\n\t\t\t\t\t<\/a>\n\t\t\t<a href=\"#faq\" target=\"_self\" rel=\"noopener\">\n\t\t\t\t\t\t\tFAQ\n\t\t\t\t\t<\/a>\n<h2>\n\t\tWhy Start a Fund?\n\t<\/h2>\n\t<p>Together, we create a plan that aligns with your wishes and our rigorous social investment standards. Our knowledge of environmental justice, equity, conservation, corporate accountability, and grassroots power informs every fund we host.<\/p>\n<h3>\n\t\tConnect to Get Started\n\t<\/h3>\n\t<p>Contact us to explore the potential donor advised fund options at the Rose Foundation.<\/p>\n<p><a href=\"mailto:grants@rosefdn.org\"><strong>grants@rosefdn.org<\/strong><\/a><\/p>\n\t\t\t\t<img decoding=\"async\" src=\"\/wp-content\/uploads\/icon2.svg\" alt=\"icon2\" itemprop=\"image\" title=\"icon2\" onerror=\"this.style.display='none'\"  \/>\n<h2>\n\t\tGrantmaking Philosophy\n\t<\/h2>\n\t<p>At Rose, we believe in a powerful connection between environmental stewardship, community power, consumer protection, civic participation, and a thriving economy.<\/p>\n<p>These principles are put into practice through our programs, network and organizational grantmaking.<\/p>\n\t\t\t\t<img decoding=\"async\" src=\"\/wp-content\/uploads\/donor-fund-philosophy.jpg\" alt=\"donor-fund-philosophy\" itemprop=\"image\" title=\"donor-fund-philosophy\" onerror=\"this.style.display='none'\"  \/>\n\t\t\t\t\t\tTime is Short\n\t\t\t<p>We live in a time of increasing environmental urgency, wealth inequality, and global injustices. Your Donor Advised Fund here at Rose helps you provide an immediate, vital and personal response to the climate crisis, environmental injustices, and threats to  communities locally and throughout the US.<\/p>\n\t\t\t\t\t\tCommunities Hold the Key\n\t\t\t<p>Those closest to the problem are the most equipped to solve it. People must be involved in decision-making and solutions that affects themselves and their communities. We can help you steer resources towards community-driven solutions to today&#8217;s most pressing problems.<\/p>\n\t\t\t\t\t\tResources Matter\n\t\t\t<p>In addition to efficiently channeling grants to charities that you recommend, Rose&#8217;s extensive network of environmental justice, conservation, corporate accountability and consumer rights advocates provides an opportunity for you to learn about and support new and emerging groups throughout the country.<\/p>\n<h2>\n\t\tTypes of Donor Advised Funds \n\t<\/h2>\n\t<p>Rose offers the following types of Donor Advised Funds.<\/p>\n\t\t\t\t\t<a href=\"#\" id=\"fl-tabs--label-0\" data-index=\"0\" aria-selected=\"true\" aria-controls=\"fl-tabs--panel-0\" aria-expanded=\"true\" role=\"tab\" tabindex=\"0\">\t\t\t\tYour Charitable Checkbook\t\t\t<\/a>\n\t\t\t\t\t<a href=\"#\" id=\"fl-tabs--label-1\" data-index=\"1\" aria-selected=\"false\" aria-controls=\"fl-tabs--panel-1\" aria-expanded=\"false\" role=\"tab\" tabindex=\"0\">\t\t\t\tEndow a Fund\t\t\t<\/a>\n\t\t\t\t\t<a href=\"#\" id=\"fl-tabs--label-2\" data-index=\"2\" aria-selected=\"false\" aria-controls=\"fl-tabs--panel-2\" aria-expanded=\"false\" role=\"tab\" tabindex=\"0\">\t\t\t\tSupporting Designated Charities Over Time\t\t\t<\/a>\n\t\t\t\tYour Charitable Checkbook\n                                                            <h3>Your Charitable Checkbook<\/h3><p>By using the Rose Foundation as your Charitable Checkbook, you combine the tax benefits of donating highly-appreciated assets such as stocks, and the ease of making a single donation with the satisfaction of supporting any number of charities which you then choose and advise Rose to support from your fund.<\/p>\n<p>You can add to your fund or make grant recommendations at any time, and any unused funds simply roll over to the next year and remain fully available to you. In addition to naming favorite charities for grants from your fund, you can also ask Rose to research an area of interest and\/or introduce you to groups that fit your giving profile but whom you may not know about yet. <strong>The minimum donation needed to establish a new Charitable Checkbook Fund is $25,000.<\/strong><\/p>\n\t\t\t\tEndow a Fund\n                                                            <h3>Endow a Fund<\/h3><p>Rose places donor advised endowments in a separate named account and all interests and earning accrue to the endowment. You can recommend grants at any time, and you can sleep well knowing that any and all funds you entrust to the Rose Foundation will be invested in harmony with people and planet.  Your fund will be managed in accordance with socially responsible investing principles which emphasize just transition, workers rights and corporate responsibility &#8211; the Rose Foundation especially does not invest in fossil fuels or other resource extraction industries. <strong>Permanently endowed funds require a minimum of $100,000 to start and donors may add to the corpus at any time.<\/strong><\/p>\n\t\t\t\tSupporting Designated Charities Over Time\n                                                            <h3>Designate a Charity for Long-term Support<\/h3><p>Rose can channel endowment funds to a designated charity, or set of charities. Sometimes called a &#8220;Single Entity Fund,&#8221; this option may be appropriate when the designated beneficiary organization may not have experience in managing a large donation, or when the donor wants to establish an oversight mechanism to ensure that the future use of the funds by the designated beneficiary organization stays true to their original intent. Based on your long-term goals, there is some flexibility in the minimum needed to establish the fund, but otherwise designated or single entity funds generally track permanently endowed funds in operating structure and costs. Contact us above for more information.<\/p>\n<h2>\n\t\tFAQ\n\t<\/h2>\n\t\t\t\t<img decoding=\"async\" src=\"\/wp-content\/uploads\/vision-mission-hero.jpg\" alt=\"vision-mission-hero\" itemprop=\"image\" title=\"vision-mission-hero\" onerror=\"this.style.display='none'\"  \/>\n\t\t\t\t\t\tWhat do you charge for a Donor Advised Fund?\n\t\t\t<p><strong>Recognition Fee:<\/strong> To recover the basic costs of setting up your fund and managing your gift, Rose will retain 1% of your opening gift (and any future gifts). Example: If you open a Charitable Checkbook Fund with a $25,000 gift, Rose will retain $250 (1%) upon receipt of your gift.<\/p>\n<p><strong>Grantmaking Charge:<\/strong> To recover our costs associated with awarding and administering the grants you recommend, we will charge your fund a 5% grantmaking fee at the time of each grant award. Example: if you recommend a $10,000 grant from your fund, Rose will charge your fund $500 at the time we issue the grant.<\/p>\n<p><strong>Annual Maintenance Fee (For permanently endowed funds only) :<\/strong><br \/>Since each endowed fund is invested in a separate named account with interests and earnings accruing thereto, Rose will charge an annual maintenance fee scaled to the size of the fund. The annual percentage is reduced for larger endowments. Example: Our base maintenance fee is 1% (assessed quarterly at a rate of 0.25% per quarter).<\/p>\n\t\t\t\t\t\tDo I have to donate cash to open a new Donor Advised Fund?\n\t\t\t<p>No! While we gratefully accept cash donations, many donors prefer to give stock or other appreciated investments in order to save on capital gains tax. We can also work with you to accept real estate or other valuable property.<\/p>\n\t\t\t\t\t\tMany large investment companies offer a DAF option, why should I choose Rose?\n\t\t\t<p>If you know exactly what charities you want to support, now and in the future, a commercial DAF could be a good low-cost option. But if you want to support grassroots-focused, equity-driven power building, we are tracking the work of hundreds of environmental justice, conservation, and consumer rights organizations across the county. In addition to efficiently executing your funding recommendations, our team is ready to provide you with introductions and recommendations regarding groups who are squarely in your funding bullseye, but whom you may not know yet.<\/p>\n\t\t\t\t\t\tWhat happens if I&#8217;m no longer able to make grant recommendations at some point in the future?\n\t\t\t<p>When we execute your fund agreement, we&#8217;ll work with you to name alternate or successor advisors, and generally make sure your fund agreement is forward-looking and able to accommodate the normal changes all of us experience in life.<\/p>\n\t\t\t\t<img decoding=\"async\" src=\"\/wp-content\/uploads\/icon2.svg\" alt=\"icon2\" itemprop=\"image\" title=\"icon2\" onerror=\"this.style.display='none'\"  \/>\n<h2>\n\t\tStay Connected\n\t<\/h2>\n\t<p>Change is happening! Receive updates on grantee successes, upcoming grants, and opportunities to make a difference. Join our community and be a vital part of the environmental justice movement.<\/p>\n\t        <div id=\"mc_embed_shell\">\n            <link href=\"\/\/cdn-images.mailchimp.com\/embedcode\/classic-061523.css\" rel=\"stylesheet\" type=\"text\/css\">\n            <div id=\"mc_embed_signup\">\n                <form action=\"https:\/\/rosefdn.us18.list-manage.com\/subscribe\/post?u=5d0ac5eac452623cfe574fc38&amp;id=033d1fcd44&amp;f_id=004e1be7f0\" method=\"post\" id=\"mc-embedded-subscribe-form\" name=\"mc-embedded-subscribe-form\" class=\"validate\" target=\"_blank\">\n                    <div id=\"mc_embed_signup_scroll\">\n                        <div class=\"mchimp_form_wrap\">\n                            <div class=\"mc-field-group\">\n                                <label for=\"mce-EMAIL\">Email Address <span class=\"asterisk\">*<\/span><\/label>\n                                <input type=\"email\" name=\"EMAIL\" class=\"required email\" id=\"mce-EMAIL\" required=\"\" value=\"\">\n                            <\/div>\n                            <div class=\"mc-field-group\">\n                                <label for=\"mce-FNAME\">First Name <span class=\"asterisk\">*<\/span><\/label>\n                                <input type=\"text\" name=\"FNAME\" class=\"required text\" id=\"mce-FNAME\" required=\"\" value=\"\">\n                            <\/div>\n                            <div class=\"mc-field-group\">\n                                <label for=\"mce-LNAME\">Last Name <span class=\"asterisk\">*<\/span><\/label>\n                                <input type=\"text\" name=\"LNAME\" class=\"required text\" id=\"mce-LNAME\" required=\"\" value=\"\">\n                            <\/div>\n                            <div class=\"mc-field-group\">\n                                <label for=\"mce-ZIPCODE\">Zip Code <span class=\"asterisk\">*<\/span><\/label>\n                                <input type=\"zip\" name=\"ZIPCODE\" class=\"required zip\" id=\"mce-ZIPCODE\" value=\"\">\n                            <\/div>\n                            <div class=\"mc_button_submit clear\">\n                                <input type=\"submit\" name=\"subscribe\" id=\"mc-embedded-subscribe\" class=\"button\" value=\"Sign Me Up\">\n                            <\/div>\n                        <\/div>\n                        <!-- <div class=\"indicates-required\"><span class=\"asterisk\">*<\/span> indicates required<\/div> -->\n\n                        \n                        <div hidden=\"\"><input type=\"hidden\" name=\"tags\" value=\"2149477\"><\/div>\n                        <div id=\"mce-responses\" class=\"clear\">\n                            <div class=\"response\" id=\"mce-error-response\" style=\"display: none;\"><\/div>\n                            <div class=\"response\" id=\"mce-success-response\" style=\"display: none;\"><\/div>\n                        <\/div>\n                        <div aria-hidden=\"true\" style=\"position: absolute; left: -5000px;\">\n                            <input type=\"text\" name=\"b_5d0ac5eac452623cfe574fc38_033d1fcd44\" tabindex=\"-1\" value=\"\">\n                        <\/div>\n\n                    <\/div>\n                <\/form>\n            <\/div>\n            <script type=\"text\/javascript\" src=\"\/\/s3.amazonaws.com\/downloads.mailchimp.com\/js\/mc-validate.js\"><\/script><script type=\"text\/javascript\">(function($) {window.fnames = new Array(); window.ftypes = new Array();fnames[0]='EMAIL';ftypes[0]='email';fnames[1]='FNAME';ftypes[1]='text';fnames[2]='LNAME';ftypes[2]='text';fnames[4]='ZIPCODE';ftypes[4]='zip';fnames[3]='ORG';ftypes[3]='text';}(jQuery));var $mcj = jQuery.noConflict(true);<\/script>\n        <\/div>\n\n    \n\n","protected":false},"excerpt":{"rendered":"<p>Crear un Fondo Designado por el Donante Crear un Fondo Designado por el Donante para hacer realidad su visi\u00f3n filantr\u00f3pica. P\u00f3ngase en contacto con nosotros JUMP TO...<\/p>","protected":false},"author":8,"featured_media":0,"parent":0,"menu_order":0,"comment_status":"closed","ping_status":"closed","template":"","meta":{"_acf_changed":false,"inline_featured_image":false,"footnotes":""},"class_list":["post-3054","page","type-page","status-publish","hentry"],"acf":[],"yoast_head":"<!-- This site is optimized with the Yoast SEO plugin v27.3 - https:\/\/yoast.com\/product\/yoast-seo-wordpress\/ -->\n<title>Start A Donor-Advised Fund - Rose Foundation<\/title>\n<meta name=\"description\" content=\"Start A Donor-Advised Fund Establish a Donor Advised Fund to fulfill your philanthropic vision. Contact Us To Start JUMP TO Why Start A Fund Grantmaking\" \/>\n<meta name=\"robots\" content=\"index, follow, max-snippet:-1, max-image-preview:large, max-video-preview:-1\" \/>\n<link rel=\"canonical\" href=\"https:\/\/rosefdn.org\/es\/fondos-asesorados-por-donantes\/\" \/>\n<meta property=\"og:locale\" content=\"es_ES\" \/>\n<meta property=\"og:type\" content=\"article\" \/>\n<meta property=\"og:title\" content=\"Start A Donor-Advised Fund - Rose Foundation\" \/>\n<meta property=\"og:description\" content=\"Start A Donor-Advised Fund Establish a Donor Advised Fund to fulfill your philanthropic vision. Contact Us To Start JUMP TO Why Start A Fund Grantmaking\" \/>\n<meta property=\"og:url\" content=\"https:\/\/rosefdn.org\/es\/fondos-asesorados-por-donantes\/\" \/>\n<meta property=\"og:site_name\" content=\"Rose Foundation\" \/>\n<meta property=\"article:modified_time\" content=\"2024-07-25T18:51:17+00:00\" \/>\n<meta property=\"og:image\" content=\"https:\/\/rosefdn.org\/wp-content\/uploads\/donor-advised-fund-hero.jpg\" \/>\n<meta name=\"twitter:card\" content=\"summary_large_image\" \/>\n<script type=\"application\/ld+json\" class=\"yoast-schema-graph\">{\"@context\":\"https:\\\/\\\/schema.org\",\"@graph\":[{\"@type\":\"WebPage\",\"@id\":\"https:\\\/\\\/rosefdn.org\\\/donor-advised-funds\\\/\",\"url\":\"https:\\\/\\\/rosefdn.org\\\/donor-advised-funds\\\/\",\"name\":\"Start A Donor-Advised Fund - Rose Foundation\",\"isPartOf\":{\"@id\":\"https:\\\/\\\/rosefdn.org\\\/#website\"},\"primaryImageOfPage\":{\"@id\":\"https:\\\/\\\/rosefdn.org\\\/donor-advised-funds\\\/#primaryimage\"},\"image\":{\"@id\":\"https:\\\/\\\/rosefdn.org\\\/donor-advised-funds\\\/#primaryimage\"},\"thumbnailUrl\":\"https:\\\/\\\/rosefdn.org\\\/wp-content\\\/uploads\\\/donor-advised-fund-hero.jpg\",\"datePublished\":\"2024-05-26T14:30:17+00:00\",\"dateModified\":\"2024-07-25T18:51:17+00:00\",\"description\":\"Start A Donor-Advised Fund Establish a Donor Advised Fund to fulfill your philanthropic vision. Contact Us To Start JUMP TO Why Start A Fund Grantmaking\",\"breadcrumb\":{\"@id\":\"https:\\\/\\\/rosefdn.org\\\/donor-advised-funds\\\/#breadcrumb\"},\"inLanguage\":\"es\",\"potentialAction\":[{\"@type\":\"ReadAction\",\"target\":[\"https:\\\/\\\/rosefdn.org\\\/donor-advised-funds\\\/\"]}]},{\"@type\":\"ImageObject\",\"inLanguage\":\"es\",\"@id\":\"https:\\\/\\\/rosefdn.org\\\/donor-advised-funds\\\/#primaryimage\",\"url\":\"https:\\\/\\\/rosefdn.org\\\/wp-content\\\/uploads\\\/donor-advised-fund-hero.jpg\",\"contentUrl\":\"https:\\\/\\\/rosefdn.org\\\/wp-content\\\/uploads\\\/donor-advised-fund-hero.jpg\"},{\"@type\":\"BreadcrumbList\",\"@id\":\"https:\\\/\\\/rosefdn.org\\\/donor-advised-funds\\\/#breadcrumb\",\"itemListElement\":[{\"@type\":\"ListItem\",\"position\":1,\"name\":\"Home\",\"item\":\"https:\\\/\\\/rosefdn.org\\\/\"},{\"@type\":\"ListItem\",\"position\":2,\"name\":\"Start A Donor-Advised Fund\"}]},{\"@type\":\"WebSite\",\"@id\":\"https:\\\/\\\/rosefdn.org\\\/#website\",\"url\":\"https:\\\/\\\/rosefdn.org\\\/\",\"name\":\"Rose Foundation\",\"description\":\"Communities Flourish With Stewardship\",\"potentialAction\":[{\"@type\":\"SearchAction\",\"target\":{\"@type\":\"EntryPoint\",\"urlTemplate\":\"https:\\\/\\\/rosefdn.org\\\/?s={search_term_string}\"},\"query-input\":{\"@type\":\"PropertyValueSpecification\",\"valueRequired\":true,\"valueName\":\"search_term_string\"}}],\"inLanguage\":\"es\"}]}<\/script>\n<!-- \/ Yoast SEO plugin. -->","yoast_head_json":{"title":"Crear un fondo destinado a donantes - Rose Foundation","description":"Crear un fondo asesorado por donantes Cree un fondo asesorado por donantes para hacer realidad su visi\u00f3n filantr\u00f3pica. P\u00f3ngase en contacto con nosotros JUMP TO Por qu\u00e9 crear un fondo de donaciones","robots":{"index":"index","follow":"follow","max-snippet":"max-snippet:-1","max-image-preview":"max-image-preview:large","max-video-preview":"max-video-preview:-1"},"canonical":"https:\/\/rosefdn.org\/es\/fondos-asesorados-por-donantes\/","og_locale":"es_ES","og_type":"article","og_title":"Start A Donor-Advised Fund - Rose Foundation","og_description":"Start A Donor-Advised Fund Establish a Donor Advised Fund to fulfill your philanthropic vision. Contact Us To Start JUMP TO Why Start A Fund Grantmaking","og_url":"https:\/\/rosefdn.org\/es\/fondos-asesorados-por-donantes\/","og_site_name":"Rose Foundation","article_modified_time":"2024-07-25T18:51:17+00:00","og_image":[{"url":"https:\/\/rosefdn.org\/wp-content\/uploads\/donor-advised-fund-hero.jpg","type":"","width":"","height":""}],"twitter_card":"summary_large_image","schema":{"@context":"https:\/\/schema.org","@graph":[{"@type":"WebPage","@id":"https:\/\/rosefdn.org\/donor-advised-funds\/","url":"https:\/\/rosefdn.org\/donor-advised-funds\/","name":"Crear un fondo destinado a donantes - Rose Foundation","isPartOf":{"@id":"https:\/\/rosefdn.org\/#website"},"primaryImageOfPage":{"@id":"https:\/\/rosefdn.org\/donor-advised-funds\/#primaryimage"},"image":{"@id":"https:\/\/rosefdn.org\/donor-advised-funds\/#primaryimage"},"thumbnailUrl":"https:\/\/rosefdn.org\/wp-content\/uploads\/donor-advised-fund-hero.jpg","datePublished":"2024-05-26T14:30:17+00:00","dateModified":"2024-07-25T18:51:17+00:00","description":"Crear un fondo asesorado por donantes Cree un fondo asesorado por donantes para hacer realidad su visi\u00f3n filantr\u00f3pica. P\u00f3ngase en contacto con nosotros JUMP TO Por qu\u00e9 crear un fondo de donaciones","breadcrumb":{"@id":"https:\/\/rosefdn.org\/donor-advised-funds\/#breadcrumb"},"inLanguage":"es","potentialAction":[{"@type":"ReadAction","target":["https:\/\/rosefdn.org\/donor-advised-funds\/"]}]},{"@type":"ImageObject","inLanguage":"es","@id":"https:\/\/rosefdn.org\/donor-advised-funds\/#primaryimage","url":"https:\/\/rosefdn.org\/wp-content\/uploads\/donor-advised-fund-hero.jpg","contentUrl":"https:\/\/rosefdn.org\/wp-content\/uploads\/donor-advised-fund-hero.jpg"},{"@type":"BreadcrumbList","@id":"https:\/\/rosefdn.org\/donor-advised-funds\/#breadcrumb","itemListElement":[{"@type":"ListItem","position":1,"name":"Home","item":"https:\/\/rosefdn.org\/"},{"@type":"ListItem","position":2,"name":"Start A Donor-Advised Fund"}]},{"@type":"WebSite","@id":"https:\/\/rosefdn.org\/#website","url":"https:\/\/rosefdn.org\/","name":"Fundaci\u00f3n Rosa","description":"Las comunidades florecen con la administraci\u00f3n","potentialAction":[{"@type":"SearchAction","target":{"@type":"EntryPoint","urlTemplate":"https:\/\/rosefdn.org\/?s={search_term_string}"},"query-input":{"@type":"PropertyValueSpecification","valueRequired":true,"valueName":"search_term_string"}}],"inLanguage":"es"}]}},"_links":{"self":[{"href":"https:\/\/rosefdn.org\/es\/wp-json\/wp\/v2\/pages\/3054","targetHints":{"allow":["GET"]}}],"collection":[{"href":"https:\/\/rosefdn.org\/es\/wp-json\/wp\/v2\/pages"}],"about":[{"href":"https:\/\/rosefdn.org\/es\/wp-json\/wp\/v2\/types\/page"}],"author":[{"embeddable":true,"href":"https:\/\/rosefdn.org\/es\/wp-json\/wp\/v2\/users\/8"}],"replies":[{"embeddable":true,"href":"https:\/\/rosefdn.org\/es\/wp-json\/wp\/v2\/comments?post=3054"}],"version-history":[{"count":0,"href":"https:\/\/rosefdn.org\/es\/wp-json\/wp\/v2\/pages\/3054\/revisions"}],"wp:attachment":[{"href":"https:\/\/rosefdn.org\/es\/wp-json\/wp\/v2\/media?parent=3054"}],"curies":[{"name":"wp","href":"https:\/\/api.w.org\/{rel}","templated":true}]}}