{"id":3059,"date":"2024-05-26T14:35:31","date_gmt":"2024-05-26T14:35:31","guid":{"rendered":"https:\/\/rosefdn.org\/?page_id=3059"},"modified":"2026-01-08T21:10:07","modified_gmt":"2026-01-08T21:10:07","slug":"informes-financieros","status":"publish","type":"page","link":"https:\/\/rosefdn.org\/es\/about\/reports-financials\/","title":{"rendered":"Informes y finanzas"},"content":{"rendered":"\n<h1>\n\t\t\tReports &#038; Financials\t<\/h1>\n\t<p>Discover Rose&#8217;s ethos of transparency, learning, and accountability through our reports and guidelines.<\/p>\n\t\t\t<a href=\"#audits\" target=\"_self\">\n\t\t\t\t\t\t\tSee Audits\n\t\t\t\t\t<\/a>\n\t\t\t\t<img decoding=\"async\" src=\"\/wp-content\/uploads\/reports-hero.jpg\" alt=\"reports-hero\" itemprop=\"image\" title=\"reports-hero\" onerror=\"this.style.display='none'\"  \/>\n\t\t\t<a href=\"#\" target=\"_self\" rel=\"nofollow\">\n\t\t\t\t\t\tJUMP TO\n\t\t\t\t\t<\/a>\n\t\t\t<a href=\"#audits\" target=\"_self\">\n\t\t\t\t\t\t\tFinancial Audits\n\t\t\t\t\t<\/a>\n\t\t\t<a href=\"#irs990\" target=\"_self\">\n\t\t\t\t\t\t\tIRS 990s\n\t\t\t\t\t<\/a>\n<h2  id=\"audits\">\n\t\t\tAudits\t<\/h2>\n\t<p>Explore our community impact through detailed reports and financials, underscoring our dedication to accountability and creating positive change.<\/p>\n\t\t\t<a href=\"\/wp-content\/uploads\/Rose_IRS_Determination_Letter.pdf\" target=\"_blank\" rel=\"noopener\">\n\t\t\t\t\t\t\tIRS Determination Letter\n\t\t\t\t\t<\/a>\n<h3>\n\t\t\tDownloads\t<\/h3>\n\t\t\t<a href=\"\/wp-content\/uploads\/Rose-Foundation-FS-FY2024.pdf\" target=\"_blank\" rel=\"noopener\">\n\t\t\t\t\t\t\t2024 Financial Audit\n\t\t\t\t\t<\/a>\n\t\t\t<a href=\"\/wp-content\/uploads\/Rose-Audited-Financials-FY2023.pdf\" target=\"_blank\" rel=\"noopener\">\n\t\t\t\t\t\t\t2023 Financial Audit\n\t\t\t\t\t<\/a>\n\t\t\t<a href=\"\/wp-content\/uploads\/Rose-Audited-Financials-FY2022.pdf\" target=\"_blank\" rel=\"noopener\">\n\t\t\t\t\t\t\t2022 Financial Audit\n\t\t\t\t\t<\/a>\n\t\t\t<a href=\"\/wp-content\/uploads\/Rose-Foundation-FS-FY21.pdf\" target=\"_blank\" rel=\"noopener\">\n\t\t\t\t\t\t\t2021 Financial Audit\n\t\t\t\t\t<\/a>\n<h2  id=\"irs990\">\n\t\t\tIRS 990s\t<\/h2>\n\t<p>The &#8220;IRS 990s&#8221; section offers access to our organization&#8217;s annual tax filings, providing a standardized view of our financial activities and adherence to regulatory standards. Explore these documents to better understand our fiscal responsibility and commitment to nonprofit accountability.<\/p>\n<h3>\n\t\t\tDownloads\t<\/h3>\n\t\t\t<a href=\"\/wp-content\/uploads\/The-Rose-Foundation-2024-990.pdf\" target=\"_blank\" rel=\"noopener\">\n\t\t\t\t\t\t\t2024 IRS 990\n\t\t\t\t\t<\/a>\n\t\t\t<a href=\"\/wp-content\/uploads\/Rose-Foundation-2023-990-IRS-Form.pdf\" target=\"_blank\" rel=\"noopener\">\n\t\t\t\t\t\t\t2023 IRS 990\n\t\t\t\t\t<\/a>\n\t\t\t<a href=\"\/wp-content\/uploads\/Rose-IRS-990-FY2022-public.pdf\" target=\"_blank\" rel=\"noopener\">\n\t\t\t\t\t\t\t2022 IRS 990\n\t\t\t\t\t<\/a>\n\t\t\t<a href=\"\/wp-content\/uploads\/The-Rose-Foundation-2021-990-IRS-No-Sch-B-Anonymous.pdf\" target=\"_blank\" rel=\"noopener\">\n\t\t\t\t\t\t\t2021 IRS 990\n\t\t\t\t\t<\/a>\n\t\t\t\t<img decoding=\"async\" src=\"\/wp-content\/uploads\/icon2.svg\" alt=\"icon2\" itemprop=\"image\" title=\"icon2\" onerror=\"this.style.display='none'\"  \/>\n<h2>\n\t\t\tStay Connected\t<\/h2>\n\t<p>Change is happening! Receive updates on grantee successes, upcoming grants, and opportunities to make a difference. Join our community and be a vital part of the environmental justice movement.<\/p>\n\t        <div id=\"mc_embed_shell\">\n            <link href=\"\/\/cdn-images.mailchimp.com\/embedcode\/classic-061523.css\" rel=\"stylesheet\" type=\"text\/css\">\n            <div id=\"mc_embed_signup\">\n                <form action=\"https:\/\/rosefdn.us18.list-manage.com\/subscribe\/post?u=5d0ac5eac452623cfe574fc38&amp;id=033d1fcd44&amp;f_id=004e1be7f0\" method=\"post\" id=\"mc-embedded-subscribe-form\" name=\"mc-embedded-subscribe-form\" class=\"validate\" target=\"_blank\">\n                    <div id=\"mc_embed_signup_scroll\">\n                        <div class=\"mchimp_form_wrap\">\n                            <div class=\"mc-field-group\">\n                                <label for=\"mce-EMAIL\">Email Address <span class=\"asterisk\">*<\/span><\/label>\n                                <input type=\"email\" name=\"EMAIL\" class=\"required email\" id=\"mce-EMAIL\" required=\"\" value=\"\">\n                            <\/div>\n                            <div class=\"mc-field-group\">\n                                <label for=\"mce-FNAME\">First Name <span class=\"asterisk\">*<\/span><\/label>\n                                <input type=\"text\" name=\"FNAME\" class=\"required text\" id=\"mce-FNAME\" required=\"\" value=\"\">\n                            <\/div>\n                            <div class=\"mc-field-group\">\n                                <label for=\"mce-LNAME\">Last Name <span class=\"asterisk\">*<\/span><\/label>\n                                <input type=\"text\" name=\"LNAME\" class=\"required text\" id=\"mce-LNAME\" required=\"\" value=\"\">\n                            <\/div>\n                            <div class=\"mc-field-group\">\n                                <label for=\"mce-ZIPCODE\">Zip Code <span class=\"asterisk\">*<\/span><\/label>\n                                <input type=\"zip\" name=\"ZIPCODE\" class=\"required zip\" id=\"mce-ZIPCODE\" value=\"\">\n                            <\/div>\n                            <div class=\"mc_button_submit clear\">\n                                <input type=\"submit\" name=\"subscribe\" id=\"mc-embedded-subscribe\" class=\"button\" value=\"Sign Me Up\">\n                            <\/div>\n                        <\/div>\n                        <!-- <div class=\"indicates-required\"><span class=\"asterisk\">*<\/span> indicates required<\/div> -->\n\n                        \n                        <div hidden=\"\"><input type=\"hidden\" name=\"tags\" value=\"2149477\"><\/div>\n                        <div id=\"mce-responses\" class=\"clear\">\n                            <div class=\"response\" id=\"mce-error-response\" style=\"display: none;\"><\/div>\n                            <div class=\"response\" id=\"mce-success-response\" style=\"display: none;\"><\/div>\n                        <\/div>\n                        <div aria-hidden=\"true\" style=\"position: absolute; left: -5000px;\">\n                            <input type=\"text\" name=\"b_5d0ac5eac452623cfe574fc38_033d1fcd44\" tabindex=\"-1\" value=\"\">\n                        <\/div>\n\n                    <\/div>\n                <\/form>\n            <\/div>\n            <script type=\"text\/javascript\" src=\"\/\/s3.amazonaws.com\/downloads.mailchimp.com\/js\/mc-validate.js\"><\/script><script type=\"text\/javascript\">(function($) {window.fnames = new Array(); window.ftypes = new Array();fnames[0]='EMAIL';ftypes[0]='email';fnames[1]='FNAME';ftypes[1]='text';fnames[2]='LNAME';ftypes[2]='text';fnames[4]='ZIPCODE';ftypes[4]='zip';fnames[3]='ORG';ftypes[3]='text';}(jQuery));var $mcj = jQuery.noConflict(true);<\/script>\n        <\/div>\n\n    \n\t<p>We respect your privacy. Please refer to our <a href=\"\/privacy\/\">Privacy Policy<\/a> to learn how we handle your information.<\/p>\n\n","protected":false},"excerpt":{"rendered":"<p>Informes y finanzas Descubra el esp\u00edritu de transparencia, aprendizaje y responsabilidad de Rose a trav\u00e9s de nuestros informes y directrices. Ver auditor\u00edas SALTAR A...<\/p>","protected":false},"author":8,"featured_media":3082,"parent":3055,"menu_order":0,"comment_status":"closed","ping_status":"closed","template":"","meta":{"_acf_changed":false,"inline_featured_image":false,"footnotes":""},"class_list":["post-3059","page","type-page","status-publish","has-post-thumbnail","hentry"],"acf":[],"yoast_head":"<!-- This site is optimized with the Yoast SEO plugin v27.3 - https:\/\/yoast.com\/product\/yoast-seo-wordpress\/ -->\n<title>Reports And Financials - Rose Foundation<\/title>\n<meta name=\"description\" content=\"Discover Rose\u2019s ethos of transparency, learning, and accountability through our reports and guidelines.\" \/>\n<meta name=\"robots\" content=\"index, follow, max-snippet:-1, max-image-preview:large, max-video-preview:-1\" \/>\n<link rel=\"canonical\" href=\"https:\/\/rosefdn.org\/es\/acerca-de\/informes-financieros\/\" \/>\n<meta property=\"og:locale\" content=\"es_ES\" \/>\n<meta property=\"og:type\" content=\"article\" \/>\n<meta property=\"og:title\" content=\"Reports And Financials - Rose Foundation\" \/>\n<meta property=\"og:description\" content=\"Discover Rose\u2019s ethos of transparency, learning, and accountability through our reports and guidelines.\" \/>\n<meta property=\"og:url\" content=\"https:\/\/rosefdn.org\/es\/acerca-de\/informes-financieros\/\" \/>\n<meta property=\"og:site_name\" content=\"Rose Foundation\" \/>\n<meta property=\"article:modified_time\" content=\"2026-01-08T21:10:07+00:00\" \/>\n<meta property=\"og:image\" content=\"https:\/\/rosefdn.org\/wp-content\/uploads\/feature-pink-rose.png\" \/>\n\t<meta property=\"og:image:width\" content=\"1100\" \/>\n\t<meta property=\"og:image:height\" content=\"825\" \/>\n\t<meta property=\"og:image:type\" content=\"image\/png\" \/>\n<meta name=\"twitter:card\" content=\"summary_large_image\" \/>\n<meta name=\"twitter:label1\" content=\"Tiempo de lectura\" \/>\n\t<meta name=\"twitter:data1\" content=\"2 minutos\" \/>\n<script type=\"application\/ld+json\" class=\"yoast-schema-graph\">{\"@context\":\"https:\\\/\\\/schema.org\",\"@graph\":[{\"@type\":\"WebPage\",\"@id\":\"https:\\\/\\\/rosefdn.org\\\/about\\\/reports-financials\\\/\",\"url\":\"https:\\\/\\\/rosefdn.org\\\/about\\\/reports-financials\\\/\",\"name\":\"Reports And Financials - Rose Foundation\",\"isPartOf\":{\"@id\":\"https:\\\/\\\/rosefdn.org\\\/#website\"},\"primaryImageOfPage\":{\"@id\":\"https:\\\/\\\/rosefdn.org\\\/about\\\/reports-financials\\\/#primaryimage\"},\"image\":{\"@id\":\"https:\\\/\\\/rosefdn.org\\\/about\\\/reports-financials\\\/#primaryimage\"},\"thumbnailUrl\":\"https:\\\/\\\/rosefdn.org\\\/wp-content\\\/uploads\\\/feature-pink-rose.png\",\"datePublished\":\"2024-05-26T14:35:31+00:00\",\"dateModified\":\"2026-01-08T21:10:07+00:00\",\"description\":\"Discover Rose\u2019s ethos of transparency, learning, and accountability through our reports and guidelines.\",\"breadcrumb\":{\"@id\":\"https:\\\/\\\/rosefdn.org\\\/about\\\/reports-financials\\\/#breadcrumb\"},\"inLanguage\":\"es\",\"potentialAction\":[{\"@type\":\"ReadAction\",\"target\":[\"https:\\\/\\\/rosefdn.org\\\/about\\\/reports-financials\\\/\"]}]},{\"@type\":\"ImageObject\",\"inLanguage\":\"es\",\"@id\":\"https:\\\/\\\/rosefdn.org\\\/about\\\/reports-financials\\\/#primaryimage\",\"url\":\"https:\\\/\\\/rosefdn.org\\\/wp-content\\\/uploads\\\/feature-pink-rose.png\",\"contentUrl\":\"https:\\\/\\\/rosefdn.org\\\/wp-content\\\/uploads\\\/feature-pink-rose.png\",\"width\":1100,\"height\":825},{\"@type\":\"BreadcrumbList\",\"@id\":\"https:\\\/\\\/rosefdn.org\\\/about\\\/reports-financials\\\/#breadcrumb\",\"itemListElement\":[{\"@type\":\"ListItem\",\"position\":1,\"name\":\"Home\",\"item\":\"https:\\\/\\\/rosefdn.org\\\/\"},{\"@type\":\"ListItem\",\"position\":2,\"name\":\"About Rose Foundation\",\"item\":\"https:\\\/\\\/rosefdn.org\\\/about\\\/\"},{\"@type\":\"ListItem\",\"position\":3,\"name\":\"Reports And Financials\"}]},{\"@type\":\"WebSite\",\"@id\":\"https:\\\/\\\/rosefdn.org\\\/#website\",\"url\":\"https:\\\/\\\/rosefdn.org\\\/\",\"name\":\"Rose Foundation\",\"description\":\"Communities Flourish With Stewardship\",\"potentialAction\":[{\"@type\":\"SearchAction\",\"target\":{\"@type\":\"EntryPoint\",\"urlTemplate\":\"https:\\\/\\\/rosefdn.org\\\/?s={search_term_string}\"},\"query-input\":{\"@type\":\"PropertyValueSpecification\",\"valueRequired\":true,\"valueName\":\"search_term_string\"}}],\"inLanguage\":\"es\"}]}<\/script>\n<!-- \/ Yoast SEO plugin. -->","yoast_head_json":{"title":"Informes y finanzas - Fundaci\u00f3n Rose","description":"Descubra el esp\u00edritu de transparencia, aprendizaje y responsabilidad de Rose a trav\u00e9s de nuestros informes y directrices.","robots":{"index":"index","follow":"follow","max-snippet":"max-snippet:-1","max-image-preview":"max-image-preview:large","max-video-preview":"max-video-preview:-1"},"canonical":"https:\/\/rosefdn.org\/es\/acerca-de\/informes-financieros\/","og_locale":"es_ES","og_type":"article","og_title":"Reports And Financials - Rose Foundation","og_description":"Discover Rose\u2019s ethos of transparency, learning, and accountability through our reports and guidelines.","og_url":"https:\/\/rosefdn.org\/es\/acerca-de\/informes-financieros\/","og_site_name":"Rose Foundation","article_modified_time":"2026-01-08T21:10:07+00:00","og_image":[{"width":1100,"height":825,"url":"https:\/\/rosefdn.org\/wp-content\/uploads\/feature-pink-rose.png","type":"image\/png"}],"twitter_card":"summary_large_image","twitter_misc":{"Tiempo de lectura":"2 minutos"},"schema":{"@context":"https:\/\/schema.org","@graph":[{"@type":"WebPage","@id":"https:\/\/rosefdn.org\/about\/reports-financials\/","url":"https:\/\/rosefdn.org\/about\/reports-financials\/","name":"Informes y finanzas - Fundaci\u00f3n Rose","isPartOf":{"@id":"https:\/\/rosefdn.org\/#website"},"primaryImageOfPage":{"@id":"https:\/\/rosefdn.org\/about\/reports-financials\/#primaryimage"},"image":{"@id":"https:\/\/rosefdn.org\/about\/reports-financials\/#primaryimage"},"thumbnailUrl":"https:\/\/rosefdn.org\/wp-content\/uploads\/feature-pink-rose.png","datePublished":"2024-05-26T14:35:31+00:00","dateModified":"2026-01-08T21:10:07+00:00","description":"Descubra el esp\u00edritu de transparencia, aprendizaje y responsabilidad de Rose a trav\u00e9s de nuestros informes y directrices.","breadcrumb":{"@id":"https:\/\/rosefdn.org\/about\/reports-financials\/#breadcrumb"},"inLanguage":"es","potentialAction":[{"@type":"ReadAction","target":["https:\/\/rosefdn.org\/about\/reports-financials\/"]}]},{"@type":"ImageObject","inLanguage":"es","@id":"https:\/\/rosefdn.org\/about\/reports-financials\/#primaryimage","url":"https:\/\/rosefdn.org\/wp-content\/uploads\/feature-pink-rose.png","contentUrl":"https:\/\/rosefdn.org\/wp-content\/uploads\/feature-pink-rose.png","width":1100,"height":825},{"@type":"BreadcrumbList","@id":"https:\/\/rosefdn.org\/about\/reports-financials\/#breadcrumb","itemListElement":[{"@type":"ListItem","position":1,"name":"Home","item":"https:\/\/rosefdn.org\/"},{"@type":"ListItem","position":2,"name":"About Rose Foundation","item":"https:\/\/rosefdn.org\/about\/"},{"@type":"ListItem","position":3,"name":"Reports And Financials"}]},{"@type":"WebSite","@id":"https:\/\/rosefdn.org\/#website","url":"https:\/\/rosefdn.org\/","name":"Fundaci\u00f3n Rosa","description":"Las comunidades florecen con la administraci\u00f3n","potentialAction":[{"@type":"SearchAction","target":{"@type":"EntryPoint","urlTemplate":"https:\/\/rosefdn.org\/?s={search_term_string}"},"query-input":{"@type":"PropertyValueSpecification","valueRequired":true,"valueName":"search_term_string"}}],"inLanguage":"es"}]}},"_links":{"self":[{"href":"https:\/\/rosefdn.org\/es\/wp-json\/wp\/v2\/pages\/3059","targetHints":{"allow":["GET"]}}],"collection":[{"href":"https:\/\/rosefdn.org\/es\/wp-json\/wp\/v2\/pages"}],"about":[{"href":"https:\/\/rosefdn.org\/es\/wp-json\/wp\/v2\/types\/page"}],"author":[{"embeddable":true,"href":"https:\/\/rosefdn.org\/es\/wp-json\/wp\/v2\/users\/8"}],"replies":[{"embeddable":true,"href":"https:\/\/rosefdn.org\/es\/wp-json\/wp\/v2\/comments?post=3059"}],"version-history":[{"count":0,"href":"https:\/\/rosefdn.org\/es\/wp-json\/wp\/v2\/pages\/3059\/revisions"}],"up":[{"embeddable":true,"href":"https:\/\/rosefdn.org\/es\/wp-json\/wp\/v2\/pages\/3055"}],"wp:featuredmedia":[{"embeddable":true,"href":"https:\/\/rosefdn.org\/es\/wp-json\/wp\/v2\/media\/3082"}],"wp:attachment":[{"href":"https:\/\/rosefdn.org\/es\/wp-json\/wp\/v2\/media?parent=3059"}],"curies":[{"name":"wp","href":"https:\/\/api.w.org\/{rel}","templated":true}]}}