{"id":3060,"date":"2024-05-26T14:35:57","date_gmt":"2024-05-26T14:35:57","guid":{"rendered":"https:\/\/rosefdn.org\/?page_id=3060"},"modified":"2025-01-10T19:07:26","modified_gmt":"2025-01-10T19:07:26","slug":"kit-de-marca","status":"publish","type":"page","link":"https:\/\/rosefdn.org\/es\/about\/brand-kit\/","title":{"rendered":"Kit de marca"},"content":{"rendered":"\n<h1>\n\t\tRose Foundation Brand Kit\n\t<\/h1>\n\t<p>Logo Usage Guide: Display the Rose Foundation Logo on your website or materials with written permission.<\/p>\n\t\t\t<a href=\"\/contact\/\" target=\"_self\">\n\t\t\t\t\t\t\tContact Us\n\t\t\t\t\t<\/a>\n\t\t\t\t<img decoding=\"async\" src=\"\/wp-content\/uploads\/rose-brand-kit-hero.jpg\" alt=\"rose-brand-kit-hero\" itemprop=\"image\" title=\"rose-brand-kit-hero\" onerror=\"this.style.display='none'\"  \/>\n<h2>\n\t\tUsing Our Brand\n\t<\/h2>\n\t<p>Thank you for considering using Rose Foundation for Communities and the Environment&#8217;s logo on your website or for print. Please do not use the logo unless you have written confirmation of our support as a sponsor, funder or endorser of your project, program or organization.<\/p>\n<h3>\n\t\tContact\n\t<\/h3>\n\t<p>Please contact us at <a href=\"mailto:rose@rosefdn.org\"><strong>rose@rosefdn.org<\/strong><\/a> or (510) 658-0702 if you have any questions or wish to request permission to use our logo.<\/p>\n\t\t\t<a href=\"\/wp-content\/uploads\/Rose-FDN-Logos-Print.zip\" download target=\"_self\">\n\t\t\t\t\t\t\tDownload Logos (PDF For Print)\n\t\t\t\t\t<\/a>\n\t\t\t<a href=\"\/wp-content\/uploads\/Rode-FDN-Logos-Digital.zip\" download target=\"_self\">\n\t\t\t\t\t\t\tDownload Logos (PNG For Digital)\n\t\t\t\t\t<\/a>\n\t\t\t<a href=\"\/wp-content\/uploads\/Rose-Colors.pdf\" target=\"_blank\" rel=\"noopener\">\n\t\t\t\t\t\t\tColor Guide\n\t\t\t\t\t<\/a>\n<h2>\n\t\tUsing Our Logo\n\t<\/h2>\n\t\t\t\t<img decoding=\"async\" src=\"\/wp-content\/uploads\/rose-foundation-logo-light.svg\" alt=\"rose-foundation-logo-light\" itemprop=\"image\" title=\"rose-foundation-logo-light\" onerror=\"this.style.display='none'\"  \/>\n\t\t\t\t\t\tCorrect Usage\n\t\t\t<ul>\n<li>The logo can be resized as needed, however aspect ratio must always remain 1:1.<\/li>\n<li>The logo should only be used in Rose Foundation&#8217;s approved colors below. If you are printing or need it in black and white, use the black and white version. If you are printing the logo in four-color process, please contact us to obtain the approved CMYK formula.<\/li>\n<li>The <strong>clear space around the logo should always be a minimum of 50% of the logo&#8217;s height.<\/strong> For example, a logo that measures 1\u2033 high should have a clear space on all sides of 0.5\u2033.<\/li>\n<li>When you display Rose Foundation&#8217;s logo on your website, <strong>please also include an active link to us at rosefdn.org<\/strong><\/li>\n<li><strong>These policies do not grant a license or any other right to Rose Foundation&#8217;s logos or trademarks.<\/strong><\/li>\n<\/ul>\n\t\t\t\t\t\tIncorrect Usage\n\t\t\t<ul>\n<li>Never alter the logo&#8217;s colors, 1:1 aspect ratio, or elements.<\/li>\n<\/ul>\n\t\t\t\t<img decoding=\"async\" src=\"\/wp-content\/uploads\/icon2.svg\" alt=\"icon2\" itemprop=\"image\" title=\"icon2\" onerror=\"this.style.display='none'\"  \/>\n<h2>\n\t\tStay Connected\n\t<\/h2>\n\t<p>Change is happening! Receive updates on grantee successes, upcoming grants, and opportunities to make a difference. Join our community and be a vital part of the environmental justice movement.<\/p>\n\t        <div id=\"mc_embed_shell\">\n            <link href=\"\/\/cdn-images.mailchimp.com\/embedcode\/classic-061523.css\" rel=\"stylesheet\" type=\"text\/css\">\n            <div id=\"mc_embed_signup\">\n                <form action=\"https:\/\/rosefdn.us18.list-manage.com\/subscribe\/post?u=5d0ac5eac452623cfe574fc38&amp;id=033d1fcd44&amp;f_id=004e1be7f0\" method=\"post\" id=\"mc-embedded-subscribe-form\" name=\"mc-embedded-subscribe-form\" class=\"validate\" target=\"_blank\">\n                    <div id=\"mc_embed_signup_scroll\">\n                        <div class=\"mchimp_form_wrap\">\n                            <div class=\"mc-field-group\">\n                                <label for=\"mce-EMAIL\">Email Address <span class=\"asterisk\">*<\/span><\/label>\n                                <input type=\"email\" name=\"EMAIL\" class=\"required email\" id=\"mce-EMAIL\" required=\"\" value=\"\">\n                            <\/div>\n                            <div class=\"mc-field-group\">\n                                <label for=\"mce-FNAME\">First Name <span class=\"asterisk\">*<\/span><\/label>\n                                <input type=\"text\" name=\"FNAME\" class=\"required text\" id=\"mce-FNAME\" required=\"\" value=\"\">\n                            <\/div>\n                            <div class=\"mc-field-group\">\n                                <label for=\"mce-LNAME\">Last Name <span class=\"asterisk\">*<\/span><\/label>\n                                <input type=\"text\" name=\"LNAME\" class=\"required text\" id=\"mce-LNAME\" required=\"\" value=\"\">\n                            <\/div>\n                            <div class=\"mc-field-group\">\n                                <label for=\"mce-ZIPCODE\">Zip Code <span class=\"asterisk\">*<\/span><\/label>\n                                <input type=\"zip\" name=\"ZIPCODE\" class=\"required zip\" id=\"mce-ZIPCODE\" value=\"\">\n                            <\/div>\n                            <div class=\"mc_button_submit clear\">\n                                <input type=\"submit\" name=\"subscribe\" id=\"mc-embedded-subscribe\" class=\"button\" value=\"Sign Me Up\">\n                            <\/div>\n                        <\/div>\n                        <!-- <div class=\"indicates-required\"><span class=\"asterisk\">*<\/span> indicates required<\/div> -->\n\n                        \n                        <div hidden=\"\"><input type=\"hidden\" name=\"tags\" value=\"2149477\"><\/div>\n                        <div id=\"mce-responses\" class=\"clear\">\n                            <div class=\"response\" id=\"mce-error-response\" style=\"display: none;\"><\/div>\n                            <div class=\"response\" id=\"mce-success-response\" style=\"display: none;\"><\/div>\n                        <\/div>\n                        <div aria-hidden=\"true\" style=\"position: absolute; left: -5000px;\">\n                            <input type=\"text\" name=\"b_5d0ac5eac452623cfe574fc38_033d1fcd44\" tabindex=\"-1\" value=\"\">\n                        <\/div>\n\n                    <\/div>\n                <\/form>\n            <\/div>\n            <script type=\"text\/javascript\" src=\"\/\/s3.amazonaws.com\/downloads.mailchimp.com\/js\/mc-validate.js\"><\/script><script type=\"text\/javascript\">(function($) {window.fnames = new Array(); window.ftypes = new Array();fnames[0]='EMAIL';ftypes[0]='email';fnames[1]='FNAME';ftypes[1]='text';fnames[2]='LNAME';ftypes[2]='text';fnames[4]='ZIPCODE';ftypes[4]='zip';fnames[3]='ORG';ftypes[3]='text';}(jQuery));var $mcj = jQuery.noConflict(true);<\/script>\n        <\/div>\n\n    \n\n","protected":false},"excerpt":{"rendered":"<p>Kit de marca de la Fundaci\u00f3n Rose Gu\u00eda de uso del logotipo: Muestre el logotipo de la Rose Foundation en su sitio web o materiales con autorizaci\u00f3n por escrito....<\/p>","protected":false},"author":8,"featured_media":3082,"parent":3055,"menu_order":0,"comment_status":"closed","ping_status":"closed","template":"","meta":{"_acf_changed":false,"inline_featured_image":false,"footnotes":""},"class_list":["post-3060","page","type-page","status-publish","has-post-thumbnail","hentry"],"acf":[],"yoast_head":"<!-- This site is optimized with the Yoast SEO plugin v27.3 - https:\/\/yoast.com\/product\/yoast-seo-wordpress\/ -->\n<title>Brand Kit - Rose Foundation<\/title>\n<meta name=\"description\" content=\"Access our logo usage guidelines to display the Rose Foundation Logo on your website or materials.\" \/>\n<meta name=\"robots\" content=\"index, follow, max-snippet:-1, max-image-preview:large, max-video-preview:-1\" \/>\n<link rel=\"canonical\" href=\"https:\/\/rosefdn.org\/es\/acerca-de\/kit-de-marca\/\" \/>\n<meta property=\"og:locale\" content=\"es_ES\" \/>\n<meta property=\"og:type\" content=\"article\" \/>\n<meta property=\"og:title\" content=\"Brand Kit - Rose Foundation\" \/>\n<meta property=\"og:description\" content=\"Access our logo usage guidelines to display the Rose Foundation Logo on your website or materials.\" \/>\n<meta property=\"og:url\" content=\"https:\/\/rosefdn.org\/es\/acerca-de\/kit-de-marca\/\" \/>\n<meta property=\"og:site_name\" content=\"Rose Foundation\" \/>\n<meta property=\"article:modified_time\" content=\"2025-01-10T19:07:26+00:00\" \/>\n<meta property=\"og:image\" content=\"https:\/\/rosefdn.org\/wp-content\/uploads\/feature-pink-rose.png\" \/>\n\t<meta property=\"og:image:width\" content=\"1100\" \/>\n\t<meta property=\"og:image:height\" content=\"825\" \/>\n\t<meta property=\"og:image:type\" content=\"image\/png\" \/>\n<meta name=\"twitter:card\" content=\"summary_large_image\" \/>\n<meta name=\"twitter:label1\" content=\"Tiempo de lectura\" \/>\n\t<meta name=\"twitter:data1\" content=\"3 minutos\" \/>\n<script type=\"application\/ld+json\" class=\"yoast-schema-graph\">{\"@context\":\"https:\\\/\\\/schema.org\",\"@graph\":[{\"@type\":\"WebPage\",\"@id\":\"https:\\\/\\\/rosefdn.org\\\/about\\\/brand-kit\\\/\",\"url\":\"https:\\\/\\\/rosefdn.org\\\/about\\\/brand-kit\\\/\",\"name\":\"Brand Kit - Rose Foundation\",\"isPartOf\":{\"@id\":\"https:\\\/\\\/rosefdn.org\\\/#website\"},\"primaryImageOfPage\":{\"@id\":\"https:\\\/\\\/rosefdn.org\\\/about\\\/brand-kit\\\/#primaryimage\"},\"image\":{\"@id\":\"https:\\\/\\\/rosefdn.org\\\/about\\\/brand-kit\\\/#primaryimage\"},\"thumbnailUrl\":\"https:\\\/\\\/rosefdn.org\\\/wp-content\\\/uploads\\\/feature-pink-rose.png\",\"datePublished\":\"2024-05-26T14:35:57+00:00\",\"dateModified\":\"2025-01-10T19:07:26+00:00\",\"description\":\"Access our logo usage guidelines to display the Rose Foundation Logo on your website or materials.\",\"breadcrumb\":{\"@id\":\"https:\\\/\\\/rosefdn.org\\\/about\\\/brand-kit\\\/#breadcrumb\"},\"inLanguage\":\"es\",\"potentialAction\":[{\"@type\":\"ReadAction\",\"target\":[\"https:\\\/\\\/rosefdn.org\\\/about\\\/brand-kit\\\/\"]}]},{\"@type\":\"ImageObject\",\"inLanguage\":\"es\",\"@id\":\"https:\\\/\\\/rosefdn.org\\\/about\\\/brand-kit\\\/#primaryimage\",\"url\":\"https:\\\/\\\/rosefdn.org\\\/wp-content\\\/uploads\\\/feature-pink-rose.png\",\"contentUrl\":\"https:\\\/\\\/rosefdn.org\\\/wp-content\\\/uploads\\\/feature-pink-rose.png\",\"width\":1100,\"height\":825},{\"@type\":\"BreadcrumbList\",\"@id\":\"https:\\\/\\\/rosefdn.org\\\/about\\\/brand-kit\\\/#breadcrumb\",\"itemListElement\":[{\"@type\":\"ListItem\",\"position\":1,\"name\":\"Home\",\"item\":\"https:\\\/\\\/rosefdn.org\\\/\"},{\"@type\":\"ListItem\",\"position\":2,\"name\":\"About Rose Foundation\",\"item\":\"https:\\\/\\\/rosefdn.org\\\/about\\\/\"},{\"@type\":\"ListItem\",\"position\":3,\"name\":\"Brand Kit\"}]},{\"@type\":\"WebSite\",\"@id\":\"https:\\\/\\\/rosefdn.org\\\/#website\",\"url\":\"https:\\\/\\\/rosefdn.org\\\/\",\"name\":\"Rose Foundation\",\"description\":\"Communities Flourish With Stewardship\",\"potentialAction\":[{\"@type\":\"SearchAction\",\"target\":{\"@type\":\"EntryPoint\",\"urlTemplate\":\"https:\\\/\\\/rosefdn.org\\\/?s={search_term_string}\"},\"query-input\":{\"@type\":\"PropertyValueSpecification\",\"valueRequired\":true,\"valueName\":\"search_term_string\"}}],\"inLanguage\":\"es\"}]}<\/script>\n<!-- \/ Yoast SEO plugin. -->","yoast_head_json":{"title":"Kit de marca - Rose Foundation","description":"Acceda a nuestras directrices de uso del logotipo para mostrar el logotipo de la Fundaci\u00f3n Rose en su sitio web o materiales.","robots":{"index":"index","follow":"follow","max-snippet":"max-snippet:-1","max-image-preview":"max-image-preview:large","max-video-preview":"max-video-preview:-1"},"canonical":"https:\/\/rosefdn.org\/es\/acerca-de\/kit-de-marca\/","og_locale":"es_ES","og_type":"article","og_title":"Brand Kit - Rose Foundation","og_description":"Access our logo usage guidelines to display the Rose Foundation Logo on your website or materials.","og_url":"https:\/\/rosefdn.org\/es\/acerca-de\/kit-de-marca\/","og_site_name":"Rose Foundation","article_modified_time":"2025-01-10T19:07:26+00:00","og_image":[{"width":1100,"height":825,"url":"https:\/\/rosefdn.org\/wp-content\/uploads\/feature-pink-rose.png","type":"image\/png"}],"twitter_card":"summary_large_image","twitter_misc":{"Tiempo de lectura":"3 minutos"},"schema":{"@context":"https:\/\/schema.org","@graph":[{"@type":"WebPage","@id":"https:\/\/rosefdn.org\/about\/brand-kit\/","url":"https:\/\/rosefdn.org\/about\/brand-kit\/","name":"Kit de marca - Rose Foundation","isPartOf":{"@id":"https:\/\/rosefdn.org\/#website"},"primaryImageOfPage":{"@id":"https:\/\/rosefdn.org\/about\/brand-kit\/#primaryimage"},"image":{"@id":"https:\/\/rosefdn.org\/about\/brand-kit\/#primaryimage"},"thumbnailUrl":"https:\/\/rosefdn.org\/wp-content\/uploads\/feature-pink-rose.png","datePublished":"2024-05-26T14:35:57+00:00","dateModified":"2025-01-10T19:07:26+00:00","description":"Acceda a nuestras directrices de uso del logotipo para mostrar el logotipo de la Fundaci\u00f3n Rose en su sitio web o materiales.","breadcrumb":{"@id":"https:\/\/rosefdn.org\/about\/brand-kit\/#breadcrumb"},"inLanguage":"es","potentialAction":[{"@type":"ReadAction","target":["https:\/\/rosefdn.org\/about\/brand-kit\/"]}]},{"@type":"ImageObject","inLanguage":"es","@id":"https:\/\/rosefdn.org\/about\/brand-kit\/#primaryimage","url":"https:\/\/rosefdn.org\/wp-content\/uploads\/feature-pink-rose.png","contentUrl":"https:\/\/rosefdn.org\/wp-content\/uploads\/feature-pink-rose.png","width":1100,"height":825},{"@type":"BreadcrumbList","@id":"https:\/\/rosefdn.org\/about\/brand-kit\/#breadcrumb","itemListElement":[{"@type":"ListItem","position":1,"name":"Home","item":"https:\/\/rosefdn.org\/"},{"@type":"ListItem","position":2,"name":"About Rose Foundation","item":"https:\/\/rosefdn.org\/about\/"},{"@type":"ListItem","position":3,"name":"Brand Kit"}]},{"@type":"WebSite","@id":"https:\/\/rosefdn.org\/#website","url":"https:\/\/rosefdn.org\/","name":"Fundaci\u00f3n Rosa","description":"Las comunidades florecen con la administraci\u00f3n","potentialAction":[{"@type":"SearchAction","target":{"@type":"EntryPoint","urlTemplate":"https:\/\/rosefdn.org\/?s={search_term_string}"},"query-input":{"@type":"PropertyValueSpecification","valueRequired":true,"valueName":"search_term_string"}}],"inLanguage":"es"}]}},"_links":{"self":[{"href":"https:\/\/rosefdn.org\/es\/wp-json\/wp\/v2\/pages\/3060","targetHints":{"allow":["GET"]}}],"collection":[{"href":"https:\/\/rosefdn.org\/es\/wp-json\/wp\/v2\/pages"}],"about":[{"href":"https:\/\/rosefdn.org\/es\/wp-json\/wp\/v2\/types\/page"}],"author":[{"embeddable":true,"href":"https:\/\/rosefdn.org\/es\/wp-json\/wp\/v2\/users\/8"}],"replies":[{"embeddable":true,"href":"https:\/\/rosefdn.org\/es\/wp-json\/wp\/v2\/comments?post=3060"}],"version-history":[{"count":0,"href":"https:\/\/rosefdn.org\/es\/wp-json\/wp\/v2\/pages\/3060\/revisions"}],"up":[{"embeddable":true,"href":"https:\/\/rosefdn.org\/es\/wp-json\/wp\/v2\/pages\/3055"}],"wp:featuredmedia":[{"embeddable":true,"href":"https:\/\/rosefdn.org\/es\/wp-json\/wp\/v2\/media\/3082"}],"wp:attachment":[{"href":"https:\/\/rosefdn.org\/es\/wp-json\/wp\/v2\/media?parent=3060"}],"curies":[{"name":"wp","href":"https:\/\/api.w.org\/{rel}","templated":true}]}}