{"id":3079,"date":"2024-05-26T17:41:22","date_gmt":"2024-05-26T17:41:22","guid":{"rendered":"https:\/\/rosefdn.org\/?page_id=3079"},"modified":"2025-10-08T01:24:42","modified_gmt":"2025-10-08T01:24:42","slug":"inscribase-en","status":"publish","type":"page","link":"https:\/\/rosefdn.org\/es\/signup\/","title":{"rendered":"Inscribirse"},"content":{"rendered":"\n\n\t\t\t\t<img decoding=\"async\" src=\"\/wp-content\/uploads\/icon2.svg\" alt=\"icon2\" itemprop=\"image\" title=\"icon2\" onerror=\"this.style.display='none'\"  \/>\n<h1>\n\t\t\tStay Connected\t<\/h1>\n\t<p>Change is happening! Receive updates on grantee successes, upcoming grants, and opportunities to make a difference. Join our community and be a vital part of the environmental justice movement.<\/p>\n\t        <div id=\"mc_embed_shell\">\n            <link href=\"\/\/cdn-images.mailchimp.com\/embedcode\/classic-061523.css\" rel=\"stylesheet\" type=\"text\/css\">\n            <div id=\"mc_embed_signup\">\n                <form action=\"https:\/\/rosefdn.us18.list-manage.com\/subscribe\/post?u=5d0ac5eac452623cfe574fc38&amp;id=033d1fcd44&amp;f_id=004e1be7f0\" method=\"post\" id=\"mc-embedded-subscribe-form\" name=\"mc-embedded-subscribe-form\" class=\"validate\" target=\"_blank\">\n                    <div id=\"mc_embed_signup_scroll\">\n                        <div class=\"mchimp_form_wrap\">\n                            <div class=\"mc-field-group\">\n                                <label for=\"mce-EMAIL\">Email Address <span class=\"asterisk\">*<\/span><\/label>\n                                <input type=\"email\" name=\"EMAIL\" class=\"required email\" id=\"mce-EMAIL\" required=\"\" value=\"\">\n                            <\/div>\n                            <div class=\"mc-field-group\">\n                                <label for=\"mce-FNAME\">First Name <span class=\"asterisk\">*<\/span><\/label>\n                                <input type=\"text\" name=\"FNAME\" class=\"required text\" id=\"mce-FNAME\" required=\"\" value=\"\">\n                            <\/div>\n                            <div class=\"mc-field-group\">\n                                <label for=\"mce-LNAME\">Last Name <span class=\"asterisk\">*<\/span><\/label>\n                                <input type=\"text\" name=\"LNAME\" class=\"required text\" id=\"mce-LNAME\" required=\"\" value=\"\">\n                            <\/div>\n                            <div class=\"mc-field-group\">\n                                <label for=\"mce-ZIPCODE\">Zip Code <span class=\"asterisk\">*<\/span><\/label>\n                                <input type=\"zip\" name=\"ZIPCODE\" class=\"required zip\" id=\"mce-ZIPCODE\" value=\"\">\n                            <\/div>\n                            <div class=\"mc_button_submit clear\">\n                                <input type=\"submit\" name=\"subscribe\" id=\"mc-embedded-subscribe\" class=\"button\" value=\"Sign Me Up\">\n                            <\/div>\n                        <\/div>\n                        <!-- <div class=\"indicates-required\"><span class=\"asterisk\">*<\/span> indicates required<\/div> -->\n\n                        \n                        <div hidden=\"\"><input type=\"hidden\" name=\"tags\" value=\"2149477\"><\/div>\n                        <div id=\"mce-responses\" class=\"clear\">\n                            <div class=\"response\" id=\"mce-error-response\" style=\"display: none;\"><\/div>\n                            <div class=\"response\" id=\"mce-success-response\" style=\"display: none;\"><\/div>\n                        <\/div>\n                        <div aria-hidden=\"true\" style=\"position: absolute; left: -5000px;\">\n                            <input type=\"text\" name=\"b_5d0ac5eac452623cfe574fc38_033d1fcd44\" tabindex=\"-1\" value=\"\">\n                        <\/div>\n\n                    <\/div>\n                <\/form>\n            <\/div>\n            <script type=\"text\/javascript\" src=\"\/\/s3.amazonaws.com\/downloads.mailchimp.com\/js\/mc-validate.js\"><\/script><script type=\"text\/javascript\">(function($) {window.fnames = new Array(); window.ftypes = new Array();fnames[0]='EMAIL';ftypes[0]='email';fnames[1]='FNAME';ftypes[1]='text';fnames[2]='LNAME';ftypes[2]='text';fnames[4]='ZIPCODE';ftypes[4]='zip';fnames[3]='ORG';ftypes[3]='text';}(jQuery));var $mcj = jQuery.noConflict(true);<\/script>\n        <\/div>\n\n    \n\t<p>We respect your privacy. Please refer to our <a href=\"\/privacy\/\">Privacy Policy<\/a> to learn how we handle your information.<\/p>\n\t\t\n\n","protected":false},"excerpt":{"rendered":"<p>Mant\u00e9ngase conectado \u00a1El cambio est\u00e1 ocurriendo! Reciba informaci\u00f3n actualizada sobre los \u00e9xitos de los beneficiarios, las pr\u00f3ximas subvenciones y las oportunidades de marcar la diferencia. \u00danase a...<\/p>","protected":false},"author":8,"featured_media":0,"parent":0,"menu_order":0,"comment_status":"closed","ping_status":"closed","template":"","meta":{"_acf_changed":false,"inline_featured_image":false,"footnotes":""},"class_list":["post-3079","page","type-page","status-publish","hentry"],"acf":[],"yoast_head":"<!-- This site is optimized with the Yoast SEO plugin v27.5 - https:\/\/yoast.com\/product\/yoast-seo-wordpress\/ -->\n<title>Sign Up - Rose Foundation<\/title>\n<meta name=\"description\" content=\"Stay Connected Change is happening! Receive updates on grantee successes, upcoming grants, and opportunities to make a difference. Join our community and\" \/>\n<meta name=\"robots\" content=\"index, follow, max-snippet:-1, max-image-preview:large, max-video-preview:-1\" \/>\n<link rel=\"canonical\" href=\"https:\/\/rosefdn.org\/es\/inscribase-en\/\" \/>\n<meta property=\"og:locale\" content=\"es_ES\" \/>\n<meta property=\"og:type\" content=\"article\" \/>\n<meta property=\"og:title\" content=\"Sign Up - Rose Foundation\" \/>\n<meta property=\"og:description\" content=\"Stay Connected Change is happening! Receive updates on grantee successes, upcoming grants, and opportunities to make a difference. Join our community and\" \/>\n<meta property=\"og:url\" content=\"https:\/\/rosefdn.org\/es\/inscribase-en\/\" \/>\n<meta property=\"og:site_name\" content=\"Rose Foundation\" \/>\n<meta property=\"article:modified_time\" content=\"2025-10-08T01:24:42+00:00\" \/>\n<meta property=\"og:image\" content=\"https:\/\/rosefdn.org\/wp-content\/uploads\/icon2.svg\" \/>\n<meta name=\"twitter:card\" content=\"summary_large_image\" \/>\n<meta name=\"twitter:label1\" content=\"Tiempo de lectura\" \/>\n\t<meta name=\"twitter:data1\" content=\"1 minuto\" \/>\n<script type=\"application\/ld+json\" class=\"yoast-schema-graph\">{\"@context\":\"https:\\\/\\\/schema.org\",\"@graph\":[{\"@type\":\"WebPage\",\"@id\":\"https:\\\/\\\/rosefdn.org\\\/signup\\\/\",\"url\":\"https:\\\/\\\/rosefdn.org\\\/signup\\\/\",\"name\":\"Sign Up - Rose Foundation\",\"isPartOf\":{\"@id\":\"https:\\\/\\\/rosefdn.org\\\/#website\"},\"primaryImageOfPage\":{\"@id\":\"https:\\\/\\\/rosefdn.org\\\/signup\\\/#primaryimage\"},\"image\":{\"@id\":\"https:\\\/\\\/rosefdn.org\\\/signup\\\/#primaryimage\"},\"thumbnailUrl\":\"https:\\\/\\\/rosefdn.org\\\/wp-content\\\/uploads\\\/icon2.svg\",\"datePublished\":\"2024-05-26T17:41:22+00:00\",\"dateModified\":\"2025-10-08T01:24:42+00:00\",\"description\":\"Stay Connected Change is happening! Receive updates on grantee successes, upcoming grants, and opportunities to make a difference. Join our community and\",\"breadcrumb\":{\"@id\":\"https:\\\/\\\/rosefdn.org\\\/signup\\\/#breadcrumb\"},\"inLanguage\":\"es\",\"potentialAction\":[{\"@type\":\"ReadAction\",\"target\":[\"https:\\\/\\\/rosefdn.org\\\/signup\\\/\"]}]},{\"@type\":\"ImageObject\",\"inLanguage\":\"es\",\"@id\":\"https:\\\/\\\/rosefdn.org\\\/signup\\\/#primaryimage\",\"url\":\"https:\\\/\\\/rosefdn.org\\\/wp-content\\\/uploads\\\/icon2.svg\",\"contentUrl\":\"https:\\\/\\\/rosefdn.org\\\/wp-content\\\/uploads\\\/icon2.svg\"},{\"@type\":\"BreadcrumbList\",\"@id\":\"https:\\\/\\\/rosefdn.org\\\/signup\\\/#breadcrumb\",\"itemListElement\":[{\"@type\":\"ListItem\",\"position\":1,\"name\":\"Home\",\"item\":\"https:\\\/\\\/rosefdn.org\\\/\"},{\"@type\":\"ListItem\",\"position\":2,\"name\":\"Sign Up\"}]},{\"@type\":\"WebSite\",\"@id\":\"https:\\\/\\\/rosefdn.org\\\/#website\",\"url\":\"https:\\\/\\\/rosefdn.org\\\/\",\"name\":\"Rose Foundation\",\"description\":\"Communities Flourish With Stewardship\",\"potentialAction\":[{\"@type\":\"SearchAction\",\"target\":{\"@type\":\"EntryPoint\",\"urlTemplate\":\"https:\\\/\\\/rosefdn.org\\\/?s={search_term_string}\"},\"query-input\":{\"@type\":\"PropertyValueSpecification\",\"valueRequired\":true,\"valueName\":\"search_term_string\"}}],\"inLanguage\":\"es\"}]}<\/script>\n<!-- \/ Yoast SEO plugin. -->","yoast_head_json":{"title":"Inscripci\u00f3n - Fundaci\u00f3n Rose","description":"Mant\u00e9ngase conectado \u00a1El cambio est\u00e1 ocurriendo! Reciba informaci\u00f3n actualizada sobre los \u00e9xitos de los beneficiarios, las pr\u00f3ximas subvenciones y las oportunidades de marcar la diferencia. \u00danase a nuestra comunidad y","robots":{"index":"index","follow":"follow","max-snippet":"max-snippet:-1","max-image-preview":"max-image-preview:large","max-video-preview":"max-video-preview:-1"},"canonical":"https:\/\/rosefdn.org\/es\/inscribase-en\/","og_locale":"es_ES","og_type":"article","og_title":"Sign Up - Rose Foundation","og_description":"Stay Connected Change is happening! Receive updates on grantee successes, upcoming grants, and opportunities to make a difference. Join our community and","og_url":"https:\/\/rosefdn.org\/es\/inscribase-en\/","og_site_name":"Rose Foundation","article_modified_time":"2025-10-08T01:24:42+00:00","og_image":[{"url":"https:\/\/rosefdn.org\/wp-content\/uploads\/icon2.svg","type":"","width":"","height":""}],"twitter_card":"summary_large_image","twitter_misc":{"Tiempo de lectura":"1 minuto"},"schema":{"@context":"https:\/\/schema.org","@graph":[{"@type":"WebPage","@id":"https:\/\/rosefdn.org\/signup\/","url":"https:\/\/rosefdn.org\/signup\/","name":"Inscripci\u00f3n - Fundaci\u00f3n Rose","isPartOf":{"@id":"https:\/\/rosefdn.org\/#website"},"primaryImageOfPage":{"@id":"https:\/\/rosefdn.org\/signup\/#primaryimage"},"image":{"@id":"https:\/\/rosefdn.org\/signup\/#primaryimage"},"thumbnailUrl":"https:\/\/rosefdn.org\/wp-content\/uploads\/icon2.svg","datePublished":"2024-05-26T17:41:22+00:00","dateModified":"2025-10-08T01:24:42+00:00","description":"Mant\u00e9ngase conectado \u00a1El cambio est\u00e1 ocurriendo! Reciba informaci\u00f3n actualizada sobre los \u00e9xitos de los beneficiarios, las pr\u00f3ximas subvenciones y las oportunidades de marcar la diferencia. \u00danase a nuestra comunidad y","breadcrumb":{"@id":"https:\/\/rosefdn.org\/signup\/#breadcrumb"},"inLanguage":"es","potentialAction":[{"@type":"ReadAction","target":["https:\/\/rosefdn.org\/signup\/"]}]},{"@type":"ImageObject","inLanguage":"es","@id":"https:\/\/rosefdn.org\/signup\/#primaryimage","url":"https:\/\/rosefdn.org\/wp-content\/uploads\/icon2.svg","contentUrl":"https:\/\/rosefdn.org\/wp-content\/uploads\/icon2.svg"},{"@type":"BreadcrumbList","@id":"https:\/\/rosefdn.org\/signup\/#breadcrumb","itemListElement":[{"@type":"ListItem","position":1,"name":"Home","item":"https:\/\/rosefdn.org\/"},{"@type":"ListItem","position":2,"name":"Sign Up"}]},{"@type":"WebSite","@id":"https:\/\/rosefdn.org\/#website","url":"https:\/\/rosefdn.org\/","name":"Fundaci\u00f3n Rosa","description":"Las comunidades florecen con la administraci\u00f3n","potentialAction":[{"@type":"SearchAction","target":{"@type":"EntryPoint","urlTemplate":"https:\/\/rosefdn.org\/?s={search_term_string}"},"query-input":{"@type":"PropertyValueSpecification","valueRequired":true,"valueName":"search_term_string"}}],"inLanguage":"es"}]}},"_links":{"self":[{"href":"https:\/\/rosefdn.org\/es\/wp-json\/wp\/v2\/pages\/3079","targetHints":{"allow":["GET"]}}],"collection":[{"href":"https:\/\/rosefdn.org\/es\/wp-json\/wp\/v2\/pages"}],"about":[{"href":"https:\/\/rosefdn.org\/es\/wp-json\/wp\/v2\/types\/page"}],"author":[{"embeddable":true,"href":"https:\/\/rosefdn.org\/es\/wp-json\/wp\/v2\/users\/8"}],"replies":[{"embeddable":true,"href":"https:\/\/rosefdn.org\/es\/wp-json\/wp\/v2\/comments?post=3079"}],"version-history":[{"count":0,"href":"https:\/\/rosefdn.org\/es\/wp-json\/wp\/v2\/pages\/3079\/revisions"}],"wp:attachment":[{"href":"https:\/\/rosefdn.org\/es\/wp-json\/wp\/v2\/media?parent=3079"}],"curies":[{"name":"wp","href":"https:\/\/api.w.org\/{rel}","templated":true}]}}