{"id":5176,"date":"2024-06-02T21:12:17","date_gmt":"2024-06-02T21:12:17","guid":{"rendered":"https:\/\/rosefdn.org\/?page_id=5176"},"modified":"2024-09-10T16:02:42","modified_gmt":"2024-09-10T16:02:42","slug":"instrucciones-en-linea","status":"publish","type":"page","link":"https:\/\/rosefdn.org\/es\/granting\/online-instructions\/","title":{"rendered":"Instrucciones para la presentaci\u00f3n de subvenciones en l\u00ednea"},"content":{"rendered":"\n<h1>\n\t\tInstructions for Online Grant Submissions\n\t<\/h1>\n\t<p>To log on to our online grant system and start your application go to:<\/p>\n\t\t\t<a href=\"https:\/\/www.grantinterface.com\/Home\/Logon?urlkey=rosefdn\" target=\"_blank\" rel=\"noopener\">\n\t\t\t\t\t\t\tOnline Grant System\n\t\t\t\t\t<\/a>\n\t<strong>Log On to Start, Continue or Submit an Application<\/strong><br \/>\nIf this is your first time using our online grant system, please create a new account.\n<p>If you have used our system before, please log on using your email and password. <strong>If you have forgotten your password, please give us a call at 510-658-0702 or send an email to <a href=\"mailto:grants@rosefdn.org\">grants@rosefdn.org<\/a>.<\/strong><\/p>\n<p>You can watch a brief 5 minute video on how to use our online grant system by clicking <a href=\"https:\/\/www.foundant.com\/applicant-tutorial.php\" target=\"_blank\" rel=\"noopener\"><strong>here<\/strong><\/a>.<\/p>\n<p>The online application system has been optimized for most web browsers. But if you are having problems with the online system, you may want to try Firefox. You can <strong><a href=\"https:\/\/www.mozilla.org\/en-US\/firefox\/all\/\" target=\"_blank\" rel=\"noopener\">download it here for free<\/a><\/strong>.<\/p>\n<strong>Download a PDF with all the Application Questions<\/strong><br \/>\nAfter you have chosen the fund you would like to apply to, you can save a PDF document that contains all of the questions that will be included in the application. Just click on the PDF icon at the top of the page that says &#8220;Question List.&#8221; We highly recommend that you print this document and look over it before starting the online application. Each of our grantmaking programs has a different application with different questions and different required attachments.\n<strong>Don&#8217;t Forget To Save!<\/strong><br \/>\nRemember to save your application as you work. We highly recommend that you write up and save your responses in a Word document before inputting them into the online application system. You must scroll down to the bottom of the page to the &#8220;Save As Draft&#8221; button in order to save your application. You will automatically be timed-out of the system after 90 minutes for security reasons. <strong>If any of your responses exceed the character limits or if any of your attachments are too big, your application will not be saved!<\/strong>\n<strong>Brevity is Good<\/strong><br \/>\nDon&#8217;t feel like you need to use all the character limits for each question. Longer is not better. Be concise.\n<strong>To Submit Your Application<\/strong><br \/>\nAfter you have completed your application, click on &#8220;Submit Form&#8221; at the bottom of the page to submit it.\n<p>If the system accepts your application, a confirmation page will pop up on your screen. The system will say &#8220;The application has been submitted&#8221; in a green box. You will also receive an automatic email that says, &#8220;Thank you for your submission to Rose Foundation.&#8221; Check your spam folder if you don&#8217;t receive this email.<\/p>\n<p>If you are unable to save or submit your application, you will get the following warning: &#8220;Form Not Saved\/Submitted,&#8221; followed by a description of why it didn&#8217;t save or submit. You can also scroll to the end of the application to see a list of the things that are missing or incorrect.<\/p>\n<p>If you have problems saving or submitting your application, double check the following:<\/p>\n<ul>\n<li>Do any of your attachments exceed the maximum file size?<\/li>\n<li>Do any of your responses exceed the character limits? If so, shorten your response so it fits within the character limits.<\/li>\n<li>Did you forget to fill out any of the required fields? (Required fields have asterisks after the question.)<\/li>\n<\/ul>\n<strong>Print a Copy For Your Files<\/strong><br \/>\nWe recommend that you print a copy of your submitted application for your permanent files. To do so, log on to the system and open your application. At the top, click on the PDF icon that says &#8220;Application Packet.&#8221; That will either open a PDF of your application, or save it to your computer, depending on your computer&#8217;s settings. Please print this out for your records.\n<strong>What Happens Next<\/strong><br \/>\nWe will acknowledge the receipt of your applications within 3 days. If you do not receive this confirmation, please contact us.\n<p>If you have any problems with the online application, please give us a call at 510-658-0702, or send an email to <a href=\"mailto:grants@rosefdn.org\"><strong>grants@rosefdn.org<\/strong><\/a>.<\/p>\n<p>If for any reason you are unable to complete the online application, please contact us and we will email you a Word version of the application that you can complete and submit by email.<\/p>\n\t\t\t<a href=\"https:\/\/www.grantinterface.com\/Home\/Logon?urlkey=rosefdn\" target=\"_blank\" rel=\"noopener\">\n\t\t\t\t\t\t\tOnline Grant System\n\t\t\t\t\t<\/a>\n\t\t\t\t<img decoding=\"async\" src=\"\/wp-content\/uploads\/icon2.svg\" alt=\"icon2\" itemprop=\"image\" title=\"icon2\" onerror=\"this.style.display='none'\"  \/>\n<h2>\n\t\tStay Connected\n\t<\/h2>\n\t<p>Change is happening! Receive updates on grantee successes, upcoming grants, and opportunities to make a difference. Join our community and be a vital part of the environmental justice movement.<\/p>\n\t        <div id=\"mc_embed_shell\">\n            <link href=\"\/\/cdn-images.mailchimp.com\/embedcode\/classic-061523.css\" rel=\"stylesheet\" type=\"text\/css\">\n            <div id=\"mc_embed_signup\">\n                <form action=\"https:\/\/rosefdn.us18.list-manage.com\/subscribe\/post?u=5d0ac5eac452623cfe574fc38&amp;id=033d1fcd44&amp;f_id=004e1be7f0\" method=\"post\" id=\"mc-embedded-subscribe-form\" name=\"mc-embedded-subscribe-form\" class=\"validate\" target=\"_blank\">\n                    <div id=\"mc_embed_signup_scroll\">\n                        <div class=\"mchimp_form_wrap\">\n                            <div class=\"mc-field-group\">\n                                <label for=\"mce-EMAIL\">Email Address <span class=\"asterisk\">*<\/span><\/label>\n                                <input type=\"email\" name=\"EMAIL\" class=\"required email\" id=\"mce-EMAIL\" required=\"\" value=\"\">\n                            <\/div>\n                            <div class=\"mc-field-group\">\n                                <label for=\"mce-FNAME\">First Name <span class=\"asterisk\">*<\/span><\/label>\n                                <input type=\"text\" name=\"FNAME\" class=\"required text\" id=\"mce-FNAME\" required=\"\" value=\"\">\n                            <\/div>\n                            <div class=\"mc-field-group\">\n                                <label for=\"mce-LNAME\">Last Name <span class=\"asterisk\">*<\/span><\/label>\n                                <input type=\"text\" name=\"LNAME\" class=\"required text\" id=\"mce-LNAME\" required=\"\" value=\"\">\n                            <\/div>\n                            <div class=\"mc-field-group\">\n                                <label for=\"mce-ZIPCODE\">Zip Code <span class=\"asterisk\">*<\/span><\/label>\n                                <input type=\"zip\" name=\"ZIPCODE\" class=\"required zip\" id=\"mce-ZIPCODE\" value=\"\">\n                            <\/div>\n                            <div class=\"mc_button_submit clear\">\n                                <input type=\"submit\" name=\"subscribe\" id=\"mc-embedded-subscribe\" class=\"button\" value=\"Sign Me Up\">\n                            <\/div>\n                        <\/div>\n                        <!-- <div class=\"indicates-required\"><span class=\"asterisk\">*<\/span> indicates required<\/div> -->\n\n                        \n                        <div hidden=\"\"><input type=\"hidden\" name=\"tags\" value=\"2149477\"><\/div>\n                        <div id=\"mce-responses\" class=\"clear\">\n                            <div class=\"response\" id=\"mce-error-response\" style=\"display: none;\"><\/div>\n                            <div class=\"response\" id=\"mce-success-response\" style=\"display: none;\"><\/div>\n                        <\/div>\n                        <div aria-hidden=\"true\" style=\"position: absolute; left: -5000px;\">\n                            <input type=\"text\" name=\"b_5d0ac5eac452623cfe574fc38_033d1fcd44\" tabindex=\"-1\" value=\"\">\n                        <\/div>\n\n                    <\/div>\n                <\/form>\n            <\/div>\n            <script type=\"text\/javascript\" src=\"\/\/s3.amazonaws.com\/downloads.mailchimp.com\/js\/mc-validate.js\"><\/script><script type=\"text\/javascript\">(function($) {window.fnames = new Array(); window.ftypes = new Array();fnames[0]='EMAIL';ftypes[0]='email';fnames[1]='FNAME';ftypes[1]='text';fnames[2]='LNAME';ftypes[2]='text';fnames[4]='ZIPCODE';ftypes[4]='zip';fnames[3]='ORG';ftypes[3]='text';}(jQuery));var $mcj = jQuery.noConflict(true);<\/script>\n        <\/div>\n\n    \n\n","protected":false},"excerpt":{"rendered":"<p>Instrucciones para la presentaci\u00f3n de solicitudes de subvenci\u00f3n en l\u00ednea Para acceder a nuestro sistema de subvenciones en l\u00ednea e iniciar su solicitud, vaya a: En l\u00ednea...<\/p>","protected":false},"author":8,"featured_media":3080,"parent":2994,"menu_order":0,"comment_status":"closed","ping_status":"closed","template":"","meta":{"_acf_changed":false,"inline_featured_image":false,"footnotes":""},"class_list":["post-5176","page","type-page","status-publish","has-post-thumbnail","hentry"],"acf":[],"yoast_head":"<!-- This site is optimized with the Yoast SEO plugin v27.3 - https:\/\/yoast.com\/product\/yoast-seo-wordpress\/ -->\n<title>Online Grant Submission Instructions - Rose Foundation<\/title>\n<meta name=\"description\" content=\"Steps and instructions for applying to Rose Foundations online Grant Management System.\" \/>\n<meta name=\"robots\" content=\"index, follow, max-snippet:-1, max-image-preview:large, max-video-preview:-1\" \/>\n<link rel=\"canonical\" href=\"https:\/\/rosefdn.org\/es\/concesion-de\/instrucciones-en-linea\/\" \/>\n<meta property=\"og:locale\" content=\"es_ES\" \/>\n<meta property=\"og:type\" content=\"article\" \/>\n<meta property=\"og:title\" content=\"Online Grant Submission Instructions - Rose Foundation\" \/>\n<meta property=\"og:description\" content=\"Steps and instructions for applying to Rose Foundations online Grant Management System.\" \/>\n<meta property=\"og:url\" content=\"https:\/\/rosefdn.org\/es\/concesion-de\/instrucciones-en-linea\/\" \/>\n<meta property=\"og:site_name\" content=\"Rose Foundation\" \/>\n<meta property=\"article:modified_time\" content=\"2024-09-10T16:02:42+00:00\" \/>\n<meta property=\"og:image\" content=\"https:\/\/rosefdn.org\/wp-content\/uploads\/feature-bluw-rose.png\" \/>\n\t<meta property=\"og:image:width\" content=\"1100\" \/>\n\t<meta property=\"og:image:height\" content=\"825\" \/>\n\t<meta property=\"og:image:type\" content=\"image\/png\" \/>\n<meta name=\"twitter:card\" content=\"summary_large_image\" \/>\n<meta name=\"twitter:label1\" content=\"Tiempo de lectura\" \/>\n\t<meta name=\"twitter:data1\" content=\"4 minutos\" \/>\n<script type=\"application\/ld+json\" class=\"yoast-schema-graph\">{\"@context\":\"https:\\\/\\\/schema.org\",\"@graph\":[{\"@type\":\"WebPage\",\"@id\":\"https:\\\/\\\/rosefdn.org\\\/granting\\\/online-instructions\\\/\",\"url\":\"https:\\\/\\\/rosefdn.org\\\/granting\\\/online-instructions\\\/\",\"name\":\"Online Grant Submission Instructions - Rose Foundation\",\"isPartOf\":{\"@id\":\"https:\\\/\\\/rosefdn.org\\\/#website\"},\"primaryImageOfPage\":{\"@id\":\"https:\\\/\\\/rosefdn.org\\\/granting\\\/online-instructions\\\/#primaryimage\"},\"image\":{\"@id\":\"https:\\\/\\\/rosefdn.org\\\/granting\\\/online-instructions\\\/#primaryimage\"},\"thumbnailUrl\":\"https:\\\/\\\/rosefdn.org\\\/wp-content\\\/uploads\\\/feature-bluw-rose.png\",\"datePublished\":\"2024-06-02T21:12:17+00:00\",\"dateModified\":\"2024-09-10T16:02:42+00:00\",\"description\":\"Steps and instructions for applying to Rose Foundations online Grant Management System.\",\"breadcrumb\":{\"@id\":\"https:\\\/\\\/rosefdn.org\\\/granting\\\/online-instructions\\\/#breadcrumb\"},\"inLanguage\":\"es\",\"potentialAction\":[{\"@type\":\"ReadAction\",\"target\":[\"https:\\\/\\\/rosefdn.org\\\/granting\\\/online-instructions\\\/\"]}]},{\"@type\":\"ImageObject\",\"inLanguage\":\"es\",\"@id\":\"https:\\\/\\\/rosefdn.org\\\/granting\\\/online-instructions\\\/#primaryimage\",\"url\":\"https:\\\/\\\/rosefdn.org\\\/wp-content\\\/uploads\\\/feature-bluw-rose.png\",\"contentUrl\":\"https:\\\/\\\/rosefdn.org\\\/wp-content\\\/uploads\\\/feature-bluw-rose.png\",\"width\":1100,\"height\":825,\"caption\":\"The Rose Foundation logo against a light blue background\"},{\"@type\":\"BreadcrumbList\",\"@id\":\"https:\\\/\\\/rosefdn.org\\\/granting\\\/online-instructions\\\/#breadcrumb\",\"itemListElement\":[{\"@type\":\"ListItem\",\"position\":1,\"name\":\"Home\",\"item\":\"https:\\\/\\\/rosefdn.org\\\/\"},{\"@type\":\"ListItem\",\"position\":2,\"name\":\"Apply For A Grant\",\"item\":\"https:\\\/\\\/rosefdn.org\\\/granting\\\/\"},{\"@type\":\"ListItem\",\"position\":3,\"name\":\"Online Grant Submission Instructions\"}]},{\"@type\":\"WebSite\",\"@id\":\"https:\\\/\\\/rosefdn.org\\\/#website\",\"url\":\"https:\\\/\\\/rosefdn.org\\\/\",\"name\":\"Rose Foundation\",\"description\":\"Communities Flourish With Stewardship\",\"potentialAction\":[{\"@type\":\"SearchAction\",\"target\":{\"@type\":\"EntryPoint\",\"urlTemplate\":\"https:\\\/\\\/rosefdn.org\\\/?s={search_term_string}\"},\"query-input\":{\"@type\":\"PropertyValueSpecification\",\"valueRequired\":true,\"valueName\":\"search_term_string\"}}],\"inLanguage\":\"es\"}]}<\/script>\n<!-- \/ Yoast SEO plugin. -->","yoast_head_json":{"title":"Instrucciones para la presentaci\u00f3n de subvenciones en l\u00ednea - Fundaci\u00f3n Rose","description":"Pasos e instrucciones para presentar una solicitud al Sistema de Gesti\u00f3n de Subvenciones en l\u00ednea de las Fundaciones Rose.","robots":{"index":"index","follow":"follow","max-snippet":"max-snippet:-1","max-image-preview":"max-image-preview:large","max-video-preview":"max-video-preview:-1"},"canonical":"https:\/\/rosefdn.org\/es\/concesion-de\/instrucciones-en-linea\/","og_locale":"es_ES","og_type":"article","og_title":"Online Grant Submission Instructions - Rose Foundation","og_description":"Steps and instructions for applying to Rose Foundations online Grant Management System.","og_url":"https:\/\/rosefdn.org\/es\/concesion-de\/instrucciones-en-linea\/","og_site_name":"Rose Foundation","article_modified_time":"2024-09-10T16:02:42+00:00","og_image":[{"width":1100,"height":825,"url":"https:\/\/rosefdn.org\/wp-content\/uploads\/feature-bluw-rose.png","type":"image\/png"}],"twitter_card":"summary_large_image","twitter_misc":{"Tiempo de lectura":"4 minutos"},"schema":{"@context":"https:\/\/schema.org","@graph":[{"@type":"WebPage","@id":"https:\/\/rosefdn.org\/granting\/online-instructions\/","url":"https:\/\/rosefdn.org\/granting\/online-instructions\/","name":"Instrucciones para la presentaci\u00f3n de subvenciones en l\u00ednea - Fundaci\u00f3n Rose","isPartOf":{"@id":"https:\/\/rosefdn.org\/#website"},"primaryImageOfPage":{"@id":"https:\/\/rosefdn.org\/granting\/online-instructions\/#primaryimage"},"image":{"@id":"https:\/\/rosefdn.org\/granting\/online-instructions\/#primaryimage"},"thumbnailUrl":"https:\/\/rosefdn.org\/wp-content\/uploads\/feature-bluw-rose.png","datePublished":"2024-06-02T21:12:17+00:00","dateModified":"2024-09-10T16:02:42+00:00","description":"Pasos e instrucciones para presentar una solicitud al Sistema de Gesti\u00f3n de Subvenciones en l\u00ednea de las Fundaciones Rose.","breadcrumb":{"@id":"https:\/\/rosefdn.org\/granting\/online-instructions\/#breadcrumb"},"inLanguage":"es","potentialAction":[{"@type":"ReadAction","target":["https:\/\/rosefdn.org\/granting\/online-instructions\/"]}]},{"@type":"ImageObject","inLanguage":"es","@id":"https:\/\/rosefdn.org\/granting\/online-instructions\/#primaryimage","url":"https:\/\/rosefdn.org\/wp-content\/uploads\/feature-bluw-rose.png","contentUrl":"https:\/\/rosefdn.org\/wp-content\/uploads\/feature-bluw-rose.png","width":1100,"height":825,"caption":"The Rose Foundation logo against a light blue background"},{"@type":"BreadcrumbList","@id":"https:\/\/rosefdn.org\/granting\/online-instructions\/#breadcrumb","itemListElement":[{"@type":"ListItem","position":1,"name":"Home","item":"https:\/\/rosefdn.org\/"},{"@type":"ListItem","position":2,"name":"Apply For A Grant","item":"https:\/\/rosefdn.org\/granting\/"},{"@type":"ListItem","position":3,"name":"Online Grant Submission Instructions"}]},{"@type":"WebSite","@id":"https:\/\/rosefdn.org\/#website","url":"https:\/\/rosefdn.org\/","name":"Fundaci\u00f3n Rosa","description":"Las comunidades florecen con la administraci\u00f3n","potentialAction":[{"@type":"SearchAction","target":{"@type":"EntryPoint","urlTemplate":"https:\/\/rosefdn.org\/?s={search_term_string}"},"query-input":{"@type":"PropertyValueSpecification","valueRequired":true,"valueName":"search_term_string"}}],"inLanguage":"es"}]}},"_links":{"self":[{"href":"https:\/\/rosefdn.org\/es\/wp-json\/wp\/v2\/pages\/5176","targetHints":{"allow":["GET"]}}],"collection":[{"href":"https:\/\/rosefdn.org\/es\/wp-json\/wp\/v2\/pages"}],"about":[{"href":"https:\/\/rosefdn.org\/es\/wp-json\/wp\/v2\/types\/page"}],"author":[{"embeddable":true,"href":"https:\/\/rosefdn.org\/es\/wp-json\/wp\/v2\/users\/8"}],"replies":[{"embeddable":true,"href":"https:\/\/rosefdn.org\/es\/wp-json\/wp\/v2\/comments?post=5176"}],"version-history":[{"count":0,"href":"https:\/\/rosefdn.org\/es\/wp-json\/wp\/v2\/pages\/5176\/revisions"}],"up":[{"embeddable":true,"href":"https:\/\/rosefdn.org\/es\/wp-json\/wp\/v2\/pages\/2994"}],"wp:featuredmedia":[{"embeddable":true,"href":"https:\/\/rosefdn.org\/es\/wp-json\/wp\/v2\/media\/3080"}],"wp:attachment":[{"href":"https:\/\/rosefdn.org\/es\/wp-json\/wp\/v2\/media?parent=5176"}],"curies":[{"name":"wp","href":"https:\/\/api.w.org\/{rel}","templated":true}]}}